{"id":768,"date":"2022-02-12T15:42:51","date_gmt":"2022-02-12T14:42:51","guid":{"rendered":"https:\/\/sveilisdesign.com\/?post_type=product&#038;p=768"},"modified":"2025-01-02T23:49:58","modified_gmt":"2025-01-02T22:49:58","slug":"svenska-fyrkrokar-hooks-with-swedish-lighthouses","status":"publish","type":"product","link":"https:\/\/sveilisdesign.com\/?product=svenska-fyrkrokar-hooks-with-swedish-lighthouses","title":{"rendered":"Svenska fyrkrokar \/ Hooks with Swedish lighthouses"},"content":{"rendered":"<p>Designed and manufactured by Kurt Sveilis, in our workshop in Norrk\u00f6ping, Sweden.<\/p>\n<p><span lang=\"EN-US\">Dimensions: w<\/span>idth 47cm, height 19,5cm, depth 5,7cm, weight: 1200g<\/p>\n<p>Individually packed in a white self-locking cardboard box.<\/p>\n","protected":false},"excerpt":{"rendered":"<div>\n<div>\n<p>Laserskurna krokar i pulverlackad metall med silhuettmotiv\u00a0fr\u00e5n den svenska kusten, fyrarna: <span lang=\"EN-US\">H\u00e5ll\u00f6, Pater Noster, Malm\u00f6 inre, Nidingen, M\u00e5sesk\u00e4r, Vinna, H\u00e4radsk\u00e4r, Landsort, L\u00e5nge Jan, L\u00e5nge Erik.<\/span> Ett skruvh\u00e5l i vardera sidan.<span class=\"apple-converted-space\">\u00a0<\/span><\/p>\n<\/div>\n<div>\n<p>Laser cut hooks in powder coated metal with silhouette motifs from\u00a0<span lang=\"EN-US\">the Swedish lighthouses: H\u00e5ll\u00f6, Pater Noster, Malm\u00f6 inre, Nidingen, M\u00e5sesk\u00e4r, Vinna, H\u00e4radsk\u00e4r, Landsort, L\u00e5nge Jan, L\u00e5nge Erik. <\/span>4-5 hooks which are 5.5cm deep. A screw hole in each side.<\/p>\n<\/div>\n<\/div>\n<p>&nbsp;<\/p>\n","protected":false},"featured_media":3396,"template":"","meta":{"_crdt_document":"","advanced_seo_description":"","jetpack_seo_html_title":"","jetpack_seo_noindex":false,"jetpack_publicize_message":"","jetpack_publicize_feature_enabled":true,"jetpack_social_post_already_shared":true,"jetpack_social_options":{"image_generator_settings":{"template":"highway","default_image_id":0,"font":"","enabled":false},"version":2},"_wpas_customize_per_network":false},"product_brand":[],"product_cat":[1372522,1372490],"product_tag":[1372408,1372402,1372406,1372407],"class_list":{"0":"post-768","1":"product","2":"type-product","3":"status-publish","4":"has-post-thumbnail","6":"product_cat-krokar-coastal-living-skargardsliv","7":"product_cat-krokar","8":"product_tag-batliv","9":"product_tag-fyr","10":"product_tag-seglare","11":"product_tag-skargardsliv","12":"product_shipping_class-d","14":"first","15":"instock","16":"taxable","17":"shipping-taxable","18":"purchasable","19":"product-type-variable"},"exclude_global_add_ons":[],"addons":[],"jetpack_publicize_connections":[],"jetpack_likes_enabled":true,"jetpack_sharing_enabled":true,"_links":{"self":[{"href":"https:\/\/sveilisdesign.com\/index.php?rest_route=\/wp\/v2\/product\/768","targetHints":{"allow":["GET"]}}],"collection":[{"href":"https:\/\/sveilisdesign.com\/index.php?rest_route=\/wp\/v2\/product"}],"about":[{"href":"https:\/\/sveilisdesign.com\/index.php?rest_route=\/wp\/v2\/types\/product"}],"wp:featuredmedia":[{"embeddable":true,"href":"https:\/\/sveilisdesign.com\/index.php?rest_route=\/wp\/v2\/media\/3396"}],"wp:attachment":[{"href":"https:\/\/sveilisdesign.com\/index.php?rest_route=%2Fwp%2Fv2%2Fmedia&parent=768"}],"wp:term":[{"taxonomy":"product_brand","embeddable":true,"href":"https:\/\/sveilisdesign.com\/index.php?rest_route=%2Fwp%2Fv2%2Fproduct_brand&post=768"},{"taxonomy":"product_cat","embeddable":true,"href":"https:\/\/sveilisdesign.com\/index.php?rest_route=%2Fwp%2Fv2%2Fproduct_cat&post=768"},{"taxonomy":"product_tag","embeddable":true,"href":"https:\/\/sveilisdesign.com\/index.php?rest_route=%2Fwp%2Fv2%2Fproduct_tag&post=768"}],"curies":[{"name":"wp","href":"https:\/\/api.w.org\/{rel}","templated":true}]}}