{"id":714,"date":"2022-02-12T14:06:43","date_gmt":"2022-02-12T13:06:43","guid":{"rendered":"https:\/\/sveilisdesign.com\/?post_type=product&#038;p=714"},"modified":"2025-01-02T22:52:42","modified_gmt":"2025-01-02T21:52:42","slug":"bengtskar-fyr-bengtskar-lighthouse","status":"publish","type":"product","link":"https:\/\/sveilisdesign.com\/?product=bengtskar-fyr-bengtskar-lighthouse","title":{"rendered":"Bengtsk\u00e4r fyr \/ Bengtsk\u00e4r lighthouse"},"content":{"rendered":"<p><span lang=\"EN-US\">Designed and manufactured by Kurt Sveilis, cut in metal and powder coated for a durable surface, in our workshop in Norrk\u00f6ping, Sweden.\u00a0<\/span>Individually packed in a self-locking cardboard box.<\/p>\n<p>Free standing model: Base: 127x185mm, height 33cm, weight 1kg<\/p>\n","protected":false},"excerpt":{"rendered":"<div>\n<p>V\u00e5ra fyrar \u00e4r ca 33 cm h\u00f6ga dekorativa ljush\u00e5llare. Bengtsk\u00e4r \u00e4r en frist\u00e5ende fyr med v\u00e4rmeljuskoppen placerad uppe i fyrtornet.<\/p>\n<\/div>\n<div>\n<p><span lang=\"EN-US\">Our lighthouses are about 33 cm high and decorative candle holders. Bengtsk\u00e4r is a free-standing model, with a cup for a tea light placed in the top of the lighthouse.\u00a0<\/span><\/p>\n<\/div>\n","protected":false},"featured_media":643,"template":"","meta":{"_crdt_document":"","advanced_seo_description":"","jetpack_seo_html_title":"","jetpack_seo_noindex":false,"jetpack_publicize_message":"","jetpack_publicize_feature_enabled":true,"jetpack_social_post_already_shared":true,"jetpack_social_options":{"image_generator_settings":{"template":"highway","default_image_id":0,"font":"","enabled":false},"version":2},"_wpas_customize_per_network":false},"product_brand":[],"product_cat":[1372478],"product_tag":[1372408,1372504,1372402,1372406,1372407],"class_list":{"0":"post-714","1":"product","2":"type-product","3":"status-publish","4":"has-post-thumbnail","6":"product_cat-finland","7":"product_tag-batliv","8":"product_tag-finland","9":"product_tag-fyr","10":"product_tag-seglare","11":"product_tag-skargardsliv","12":"product_shipping_class-c","14":"first","15":"instock","16":"taxable","17":"shipping-taxable","18":"purchasable","19":"product-type-variable"},"exclude_global_add_ons":[],"addons":[],"jetpack_publicize_connections":[],"jetpack_likes_enabled":true,"jetpack_sharing_enabled":true,"_links":{"self":[{"href":"https:\/\/sveilisdesign.com\/index.php?rest_route=\/wp\/v2\/product\/714","targetHints":{"allow":["GET"]}}],"collection":[{"href":"https:\/\/sveilisdesign.com\/index.php?rest_route=\/wp\/v2\/product"}],"about":[{"href":"https:\/\/sveilisdesign.com\/index.php?rest_route=\/wp\/v2\/types\/product"}],"wp:featuredmedia":[{"embeddable":true,"href":"https:\/\/sveilisdesign.com\/index.php?rest_route=\/wp\/v2\/media\/643"}],"wp:attachment":[{"href":"https:\/\/sveilisdesign.com\/index.php?rest_route=%2Fwp%2Fv2%2Fmedia&parent=714"}],"wp:term":[{"taxonomy":"product_brand","embeddable":true,"href":"https:\/\/sveilisdesign.com\/index.php?rest_route=%2Fwp%2Fv2%2Fproduct_brand&post=714"},{"taxonomy":"product_cat","embeddable":true,"href":"https:\/\/sveilisdesign.com\/index.php?rest_route=%2Fwp%2Fv2%2Fproduct_cat&post=714"},{"taxonomy":"product_tag","embeddable":true,"href":"https:\/\/sveilisdesign.com\/index.php?rest_route=%2Fwp%2Fv2%2Fproduct_tag&post=714"}],"curies":[{"name":"wp","href":"https:\/\/api.w.org\/{rel}","templated":true}]}}