{"id":709,"date":"2022-02-12T13:42:32","date_gmt":"2022-02-12T12:42:32","guid":{"rendered":"https:\/\/sveilisdesign.com\/?post_type=product&#038;p=709"},"modified":"2025-01-02T22:40:23","modified_gmt":"2025-01-02T21:40:23","slug":"gustavs-ljuslykta-kustavi-candle-box","status":"publish","type":"product","link":"https:\/\/sveilisdesign.com\/?product=gustavs-ljuslykta-kustavi-candle-box","title":{"rendered":"Gustavs ljuslykta \/ Kustavi candle box"},"content":{"rendered":"<p>Candle box dimensions: 8x8cm base, height 10cm, weight 225g.<\/p>\n<p>Denna produkt finns att k\u00f6pa hos:\u00a0Kustavin Savipaja OY,\u00a0Ini\u00f6v\u00e4gen 411B, Kustavi, Finland<\/p>\n","protected":false},"excerpt":{"rendered":"<div>\n<p>Ljuslyktan rymmer upp till 3 sm\u00e5 v\u00e4rmeljus alternativt ett stort v\u00e4rmeljus. Skuggeffekterna blir b\u00e4ttre med st\u00f6rre ljusstyrka. Laserskurna i metall samt pulverlackade f\u00f6r en t\u00e5lig och h\u00e5llbar yta. Motiv fr\u00e5n Gustavs\/Kustavi best\u00e5ende av: motiv fr\u00e5n Kustavi \/ Gustavs:\u00a0b\u00e5ten Vartsalan lossi, Ensk\u00e4r\/ Isokari fyr, Kustavi church, f.d. lotsstationeni Heponiemen<\/p>\n<\/div>\n<div>\n<p><span lang=\"EN-US\">A candle box that holds up to 3 small tealights or one large tealight. The shadow effects get better with greater brightness.\u00a0<\/span>Laser cut candle box in powder coated metal with motifs from Kustavi \/ Gustavs: the ferry boat\u00a0Vartsalan lossi, Ensk\u00e4r \/ Isokari lighthouse, Kustavi church, the former pilotstation\u00a0Heponiemen<\/p>\n<\/div>\n","protected":false},"featured_media":701,"template":"","meta":{"_crdt_document":"","advanced_seo_description":"","jetpack_seo_html_title":"","jetpack_seo_noindex":false,"jetpack_publicize_message":"","jetpack_publicize_feature_enabled":true,"jetpack_social_post_already_shared":true,"jetpack_social_options":{"image_generator_settings":{"template":"highway","default_image_id":0,"font":"","enabled":false},"version":2},"_wpas_customize_per_network":false},"product_brand":[],"product_cat":[1372478],"product_tag":[1372502,1372504,1372396],"class_list":{"0":"post-709","1":"product","2":"type-product","3":"status-publish","4":"has-post-thumbnail","6":"product_cat-finland","7":"product_tag-candle-box","8":"product_tag-finland","9":"product_tag-stadssilhuett","10":"product_shipping_class-sv-b","12":"first","13":"instock","14":"taxable","15":"shipping-taxable","16":"purchasable","17":"product-type-variable"},"exclude_global_add_ons":[],"addons":[],"jetpack_publicize_connections":[],"jetpack_likes_enabled":true,"jetpack_sharing_enabled":true,"_links":{"self":[{"href":"https:\/\/sveilisdesign.com\/index.php?rest_route=\/wp\/v2\/product\/709","targetHints":{"allow":["GET"]}}],"collection":[{"href":"https:\/\/sveilisdesign.com\/index.php?rest_route=\/wp\/v2\/product"}],"about":[{"href":"https:\/\/sveilisdesign.com\/index.php?rest_route=\/wp\/v2\/types\/product"}],"wp:featuredmedia":[{"embeddable":true,"href":"https:\/\/sveilisdesign.com\/index.php?rest_route=\/wp\/v2\/media\/701"}],"wp:attachment":[{"href":"https:\/\/sveilisdesign.com\/index.php?rest_route=%2Fwp%2Fv2%2Fmedia&parent=709"}],"wp:term":[{"taxonomy":"product_brand","embeddable":true,"href":"https:\/\/sveilisdesign.com\/index.php?rest_route=%2Fwp%2Fv2%2Fproduct_brand&post=709"},{"taxonomy":"product_cat","embeddable":true,"href":"https:\/\/sveilisdesign.com\/index.php?rest_route=%2Fwp%2Fv2%2Fproduct_cat&post=709"},{"taxonomy":"product_tag","embeddable":true,"href":"https:\/\/sveilisdesign.com\/index.php?rest_route=%2Fwp%2Fv2%2Fproduct_tag&post=709"}],"curies":[{"name":"wp","href":"https:\/\/api.w.org\/{rel}","templated":true}]}}