{"id":677,"date":"2022-02-12T12:14:10","date_gmt":"2022-02-12T11:14:10","guid":{"rendered":"https:\/\/sveilisdesign.com\/?post_type=product&#038;p=677"},"modified":"2025-01-02T22:43:34","modified_gmt":"2025-01-02T21:43:34","slug":"aland-ljuslykta-aland-candle-box","status":"publish","type":"product","link":"https:\/\/sveilisdesign.com\/?product=aland-ljuslykta-aland-candle-box","title":{"rendered":"Mariehamn ljuslykta \/ Mariehamn candle box"},"content":{"rendered":"<p>Candle box dimensions: 8x8cm base, height 9cm, weight 225g.<\/p>\n","protected":false},"excerpt":{"rendered":"<div>\n<p>Ljuslyktan rymmer upp till 3 sm\u00e5 v\u00e4rmeljus alternativt ett stort v\u00e4rmeljus. Skuggeffekterna blir b\u00e4ttre med st\u00f6rre ljusstyrka. Laserskurna i metall samt pulverlackade f\u00f6r en t\u00e5lig och h\u00e5llbar yta. \u00c5l\u00e4ndska motiv best\u00e5ende av den fyrmastade barken Pommern och Kobba Klintar.<\/p>\n<\/div>\n<div>\n<p><span lang=\"EN-US\">A candle box that holds up to 3 small tealights or one large tealight. The shadow effects get better with greater brightness. Laser cut in metal and powder coated for a durable surface. \u00c5land motifs consisting of the four-masted barque Pommern and Kobba Klintar.<\/span><\/p>\n<\/div>\n","protected":false},"featured_media":680,"template":"","meta":{"_crdt_document":"","advanced_seo_description":"","jetpack_seo_html_title":"","jetpack_seo_noindex":false,"jetpack_publicize_message":"","jetpack_publicize_feature_enabled":true,"jetpack_social_post_already_shared":true,"jetpack_social_options":{"image_generator_settings":{"template":"highway","default_image_id":0,"font":"","enabled":false},"version":2},"_wpas_customize_per_network":false},"product_brand":[],"product_cat":[1372478],"product_tag":[1372505,1372502,1372504,1372406,1372396],"class_list":{"0":"post-677","1":"product","2":"type-product","3":"status-publish","4":"has-post-thumbnail","6":"product_cat-finland","7":"product_tag-aland","8":"product_tag-candle-box","9":"product_tag-finland","10":"product_tag-seglare","11":"product_tag-stadssilhuett","12":"product_shipping_class-sv-b","14":"first","15":"instock","16":"taxable","17":"shipping-taxable","18":"purchasable","19":"product-type-simple"},"exclude_global_add_ons":[],"addons":[],"jetpack_publicize_connections":[],"jetpack_likes_enabled":true,"jetpack_sharing_enabled":true,"_links":{"self":[{"href":"https:\/\/sveilisdesign.com\/index.php?rest_route=\/wp\/v2\/product\/677","targetHints":{"allow":["GET"]}}],"collection":[{"href":"https:\/\/sveilisdesign.com\/index.php?rest_route=\/wp\/v2\/product"}],"about":[{"href":"https:\/\/sveilisdesign.com\/index.php?rest_route=\/wp\/v2\/types\/product"}],"wp:featuredmedia":[{"embeddable":true,"href":"https:\/\/sveilisdesign.com\/index.php?rest_route=\/wp\/v2\/media\/680"}],"wp:attachment":[{"href":"https:\/\/sveilisdesign.com\/index.php?rest_route=%2Fwp%2Fv2%2Fmedia&parent=677"}],"wp:term":[{"taxonomy":"product_brand","embeddable":true,"href":"https:\/\/sveilisdesign.com\/index.php?rest_route=%2Fwp%2Fv2%2Fproduct_brand&post=677"},{"taxonomy":"product_cat","embeddable":true,"href":"https:\/\/sveilisdesign.com\/index.php?rest_route=%2Fwp%2Fv2%2Fproduct_cat&post=677"},{"taxonomy":"product_tag","embeddable":true,"href":"https:\/\/sveilisdesign.com\/index.php?rest_route=%2Fwp%2Fv2%2Fproduct_tag&post=677"}],"curies":[{"name":"wp","href":"https:\/\/api.w.org\/{rel}","templated":true}]}}