{"id":675,"date":"2022-02-12T12:03:42","date_gmt":"2022-02-12T11:03:42","guid":{"rendered":"https:\/\/sveilisdesign.com\/?post_type=product&#038;p=675"},"modified":"2025-01-02T22:44:17","modified_gmt":"2025-01-02T21:44:17","slug":"finska-fyrar-servetthallare-finish-lighthouses-napkin-holder","status":"publish","type":"product","link":"https:\/\/sveilisdesign.com\/?product=finska-fyrar-servetthallare-finish-lighthouses-napkin-holder","title":{"rendered":"Finska fyrar servetth\u00e5llare \/ Finish lighthouses napkin holder"},"content":{"rendered":"<div>\n<p><span lang=\"EN-US\">Dimensions:<span class=\"apple-converted-space\">\u00a0<\/span>5,8&#215;14,2cm base, height 12,5-14,5cm, weight: 300-450g.<\/span><\/p>\n<p><span lang=\"EN-US\">Designed and manufactured by Kurt Sveilis, in our workshop in Norrk\u00f6ping, Sweden.<span class=\"apple-converted-space\">\u00a0<\/span><\/span><\/p>\n<\/div>\n","protected":false},"excerpt":{"rendered":"<div>\n<p>Laserskuren servetth\u00e5llare i pulverlackad metall<span class=\"apple-converted-space\">\u00a0<\/span>med silhuettmotiv fr\u00e5n den finska kusten, fyrarna: Bengtsk\u00e4r, Ensk\u00e4r\/Isokari, Ut\u00f6 och Russar\u00f6.<\/p>\n<\/div>\n<div><span lang=\"EN-US\"><span lang=\"EN-US\">Laser cut napkin holder in powder coated metal with silhouette motifs <\/span><\/span>from the Finish coast, the lighthouses:\u00a0Bengtsk\u00e4r, Ensk\u00e4r\/Isokari, Ut\u00f6 and Russar\u00f6.<\/div>\n","protected":false},"featured_media":649,"template":"","meta":{"_crdt_document":"","advanced_seo_description":"","jetpack_seo_html_title":"","jetpack_seo_noindex":false,"jetpack_publicize_message":"","jetpack_publicize_feature_enabled":true,"jetpack_social_post_already_shared":true,"jetpack_social_options":{"image_generator_settings":{"template":"highway","default_image_id":0,"font":"","enabled":false},"version":2},"_wpas_customize_per_network":false},"product_brand":[],"product_cat":[1372478],"product_tag":[1372505,1372408,1372504,1372402,1372406,1372407],"class_list":{"0":"post-675","1":"product","2":"type-product","3":"status-publish","4":"has-post-thumbnail","6":"product_cat-finland","7":"product_tag-aland","8":"product_tag-batliv","9":"product_tag-finland","10":"product_tag-fyr","11":"product_tag-seglare","12":"product_tag-skargardsliv","13":"product_shipping_class-sv-b","15":"first","16":"instock","17":"taxable","18":"shipping-taxable","19":"purchasable","20":"product-type-simple"},"exclude_global_add_ons":[],"addons":[],"jetpack_publicize_connections":[],"jetpack_likes_enabled":true,"jetpack_sharing_enabled":true,"_links":{"self":[{"href":"https:\/\/sveilisdesign.com\/index.php?rest_route=\/wp\/v2\/product\/675","targetHints":{"allow":["GET"]}}],"collection":[{"href":"https:\/\/sveilisdesign.com\/index.php?rest_route=\/wp\/v2\/product"}],"about":[{"href":"https:\/\/sveilisdesign.com\/index.php?rest_route=\/wp\/v2\/types\/product"}],"wp:featuredmedia":[{"embeddable":true,"href":"https:\/\/sveilisdesign.com\/index.php?rest_route=\/wp\/v2\/media\/649"}],"wp:attachment":[{"href":"https:\/\/sveilisdesign.com\/index.php?rest_route=%2Fwp%2Fv2%2Fmedia&parent=675"}],"wp:term":[{"taxonomy":"product_brand","embeddable":true,"href":"https:\/\/sveilisdesign.com\/index.php?rest_route=%2Fwp%2Fv2%2Fproduct_brand&post=675"},{"taxonomy":"product_cat","embeddable":true,"href":"https:\/\/sveilisdesign.com\/index.php?rest_route=%2Fwp%2Fv2%2Fproduct_cat&post=675"},{"taxonomy":"product_tag","embeddable":true,"href":"https:\/\/sveilisdesign.com\/index.php?rest_route=%2Fwp%2Fv2%2Fproduct_tag&post=675"}],"curies":[{"name":"wp","href":"https:\/\/api.w.org\/{rel}","templated":true}]}}