{"id":665,"date":"2022-02-11T23:06:34","date_gmt":"2022-02-11T22:06:34","guid":{"rendered":"https:\/\/sveilisdesign.com\/?post_type=product&#038;p=665"},"modified":"2025-01-02T22:55:08","modified_gmt":"2025-01-02T21:55:08","slug":"alandsfyrar-krokar-hooks-with-aland-lighthouses","status":"publish","type":"product","link":"https:\/\/sveilisdesign.com\/?product=alandsfyrar-krokar-hooks-with-aland-lighthouses","title":{"rendered":"\u00c5landsfyrar krokar \/ Hooks with \u00c5land lighthouses"},"content":{"rendered":"<p>Designed and manufactured by Kurt Sveilis, in our workshop in Norrk\u00f6ping, Sweden.<\/p>\n<p><span lang=\"EN-US\">Dimensions: 30cm wide, 5.7cm deep, 17-22cm high, weight 550-700g<\/span><\/p>\n","protected":false},"excerpt":{"rendered":"<div>\n<div>\n<p>Laserskurna krokar i pulverlackad metall med silhuettmotiv fr\u00e5n \u00c5lands sk\u00e4rg\u00e5rd: Fyrarna M\u00e4rket, S\u00e4lsk\u00e4r, L\u00e5gsk\u00e4r och Bogsk\u00e4r. 4-5 krokar som \u00e4r 5,5cm djupa. Ett skruvh\u00e5l i vardera sidan.<span class=\"apple-converted-space\">\u00a0<\/span><\/p>\n<\/div>\n<div>\n<p>Laser cut hooks in powder coated metal with silhouette motifs from the archipelago around \u00c5land: the lighthouses M\u00e4rket, L\u00e5gsk\u00e4r, S\u00e4lsk\u00e4r and Bogsk\u00e4r.\u00a04-5 hooks which are 5.5cm deep. A screw hole in each side.<\/p>\n<\/div>\n<\/div>\n<p>&nbsp;<\/p>\n","protected":false},"featured_media":642,"template":"","meta":{"_crdt_document":"","advanced_seo_description":"","jetpack_seo_html_title":"","jetpack_seo_noindex":false,"jetpack_publicize_message":"","jetpack_publicize_feature_enabled":true,"jetpack_social_post_already_shared":true,"jetpack_social_options":{"image_generator_settings":{"template":"highway","default_image_id":0,"font":"","enabled":false},"version":2},"_wpas_customize_per_network":false},"product_brand":[],"product_cat":[1372478],"product_tag":[1372505,1372408,1372504,1372402,1372406,1372407],"class_list":{"0":"post-665","1":"product","2":"type-product","3":"status-publish","4":"has-post-thumbnail","6":"product_cat-finland","7":"product_tag-aland","8":"product_tag-batliv","9":"product_tag-finland","10":"product_tag-fyr","11":"product_tag-seglare","12":"product_tag-skargardsliv","13":"product_shipping_class-c","15":"first","16":"instock","17":"taxable","18":"shipping-taxable","19":"purchasable","20":"product-type-simple"},"exclude_global_add_ons":[],"addons":[],"jetpack_publicize_connections":[],"jetpack_likes_enabled":true,"jetpack_sharing_enabled":true,"_links":{"self":[{"href":"https:\/\/sveilisdesign.com\/index.php?rest_route=\/wp\/v2\/product\/665","targetHints":{"allow":["GET"]}}],"collection":[{"href":"https:\/\/sveilisdesign.com\/index.php?rest_route=\/wp\/v2\/product"}],"about":[{"href":"https:\/\/sveilisdesign.com\/index.php?rest_route=\/wp\/v2\/types\/product"}],"wp:featuredmedia":[{"embeddable":true,"href":"https:\/\/sveilisdesign.com\/index.php?rest_route=\/wp\/v2\/media\/642"}],"wp:attachment":[{"href":"https:\/\/sveilisdesign.com\/index.php?rest_route=%2Fwp%2Fv2%2Fmedia&parent=665"}],"wp:term":[{"taxonomy":"product_brand","embeddable":true,"href":"https:\/\/sveilisdesign.com\/index.php?rest_route=%2Fwp%2Fv2%2Fproduct_brand&post=665"},{"taxonomy":"product_cat","embeddable":true,"href":"https:\/\/sveilisdesign.com\/index.php?rest_route=%2Fwp%2Fv2%2Fproduct_cat&post=665"},{"taxonomy":"product_tag","embeddable":true,"href":"https:\/\/sveilisdesign.com\/index.php?rest_route=%2Fwp%2Fv2%2Fproduct_tag&post=665"}],"curies":[{"name":"wp","href":"https:\/\/api.w.org\/{rel}","templated":true}]}}