{"id":659,"date":"2022-02-11T16:51:49","date_gmt":"2022-02-11T15:51:49","guid":{"rendered":"https:\/\/sveilisdesign.com\/?post_type=product&#038;p=659"},"modified":"2025-01-02T22:57:36","modified_gmt":"2025-01-02T21:57:36","slug":"pommern-varmeljusstake-candle-holder-with-pommern","status":"publish","type":"product","link":"https:\/\/sveilisdesign.com\/?product=pommern-varmeljusstake-candle-holder-with-pommern","title":{"rendered":"Pommern v\u00e4rmeljusstake \/ Candle holder with Pommern"},"content":{"rendered":"<p>Designed and manufactured by Kurt Sveilis, in our workshop in Norrk\u00f6ping, Sweden.<\/p>\n<p>Dimensions: 24,2cm wide, 4,8cm deep, 12-17cm high, weight 500-650g<\/p>\n","protected":false},"excerpt":{"rendered":"<p>Laserskuren v\u00e4rmeljusstake i pulverlackad metall med silhuettmotiv fr\u00e5n Mariehamn, \u00c5land: skeppet Pommern.<\/p>\n<p>Laser cut tea candle holder in powder coated metal with silhouette motifs from Mariehamn, \u00c5land: the ship Pommern.<\/p>\n<p>&nbsp;<\/p>\n","protected":false},"featured_media":661,"template":"","meta":{"_crdt_document":"","advanced_seo_description":"","jetpack_seo_html_title":"","jetpack_seo_noindex":false,"jetpack_publicize_message":"","jetpack_publicize_feature_enabled":true,"jetpack_social_post_already_shared":true,"jetpack_social_options":{"image_generator_settings":{"template":"highway","default_image_id":0,"font":"","enabled":false},"version":2},"_wpas_customize_per_network":false},"product_brand":[],"product_cat":[1372515,1372478],"product_tag":[1372505,1372408,1372504,1372406,1372407],"class_list":{"0":"post-659","1":"product","2":"type-product","3":"status-publish","4":"has-post-thumbnail","6":"product_cat-ljusstakar","7":"product_cat-finland","8":"product_tag-aland","9":"product_tag-batliv","10":"product_tag-finland","11":"product_tag-seglare","12":"product_tag-skargardsliv","13":"product_shipping_class-c","15":"first","16":"instock","17":"taxable","18":"shipping-taxable","19":"purchasable","20":"product-type-simple"},"exclude_global_add_ons":[],"addons":[],"jetpack_publicize_connections":[],"jetpack_likes_enabled":true,"jetpack_sharing_enabled":true,"_links":{"self":[{"href":"https:\/\/sveilisdesign.com\/index.php?rest_route=\/wp\/v2\/product\/659","targetHints":{"allow":["GET"]}}],"collection":[{"href":"https:\/\/sveilisdesign.com\/index.php?rest_route=\/wp\/v2\/product"}],"about":[{"href":"https:\/\/sveilisdesign.com\/index.php?rest_route=\/wp\/v2\/types\/product"}],"wp:featuredmedia":[{"embeddable":true,"href":"https:\/\/sveilisdesign.com\/index.php?rest_route=\/wp\/v2\/media\/661"}],"wp:attachment":[{"href":"https:\/\/sveilisdesign.com\/index.php?rest_route=%2Fwp%2Fv2%2Fmedia&parent=659"}],"wp:term":[{"taxonomy":"product_brand","embeddable":true,"href":"https:\/\/sveilisdesign.com\/index.php?rest_route=%2Fwp%2Fv2%2Fproduct_brand&post=659"},{"taxonomy":"product_cat","embeddable":true,"href":"https:\/\/sveilisdesign.com\/index.php?rest_route=%2Fwp%2Fv2%2Fproduct_cat&post=659"},{"taxonomy":"product_tag","embeddable":true,"href":"https:\/\/sveilisdesign.com\/index.php?rest_route=%2Fwp%2Fv2%2Fproduct_tag&post=659"}],"curies":[{"name":"wp","href":"https:\/\/api.w.org\/{rel}","templated":true}]}}