{"id":4533,"date":"2023-11-21T23:17:44","date_gmt":"2023-11-21T22:17:44","guid":{"rendered":"https:\/\/sveilisdesign.com\/?post_type=product&#038;p=4533"},"modified":"2024-08-21T16:48:30","modified_gmt":"2024-08-21T14:48:30","slug":"skeppshunden-sinbad","status":"publish","type":"product","link":"https:\/\/sveilisdesign.com\/?product=skeppshunden-sinbad","title":{"rendered":"Skeppshunden Sinbad"},"content":{"rendered":"<p>15cm fr\u00e5n nos till bakdelen. 12cm h\u00f6g. Ca 100g.<\/p>\n<p style=\"font-weight: 400;\"><strong>Svensk kvalitet fr\u00e5n Bukowski Design AB ikl\u00e4dd sj\u00f6manshatt och scarf fr\u00e5n Sveilis Design AB.\u00a0<\/strong>Klarar den tuffaste hanteringen och slitaget f\u00f6r att\u00a0garantera en l\u00e5ng livstidscykel och l\u00e5gt milj\u00f6avtryck.<\/p>\n","protected":false},"excerpt":{"rendered":"<p style=\"font-weight: 400;\"><strong>En mjuk, len och kramgo maskot, d\u00f6pt efter den k\u00e4nda skeppshunden\u00a0<\/strong><strong>Sinbad.\u00a0<\/strong>\u00a0Sinbad var en blandrashund fr\u00e5n New York, som tj\u00e4nade i den amerikanska arm\u00e9n som en del av bes\u00e4ttningen p\u00e5 Campbell, en United States Coast Guard Cutter. Vid pensioneringen hade Sinbad en rang som Chief Petty Officer. Simbad signerade m\u00f6nstringspappren 1937 med sitt tassavtryck och tilldelades bl.a. uniform och tj\u00e4nstg\u00f6ringsgrad.<\/p>\n<p>L\u00e4s mer om Sinbad och andra skeppshundar h\u00e4r:\u00a0<a href=\"https:\/\/sveilisdesign.com\/?p=4066\">https:\/\/sveilisdesign.com\/?p=4066<\/a><\/p>\n<p style=\"font-weight: 400;\"><strong>Vi sk\u00e4nker 10% till Sj\u00f6r\u00e4ddningss\u00e4llskapet: <\/strong>s\u00e5 \u00e4ven denna skeppshund \u00e4r med och bidrar till att r\u00e4dda liv!\u00a0Sj\u00f6r\u00e4ddningss\u00e4llskapet \u00e4r med vid cirka 90 procent av all sj\u00f6r\u00e4ddning i Sverige. Allt p\u00e5 ideell basis, utan bidrag fr\u00e5n staten. De \u00e4r helt beroende av medlemskap, g\u00e5vor, testamenten och donationer. Genom att k\u00f6pa en av dessa skeppshundar s\u00e5 \u00e4r du med och bidrar. Tack f\u00f6r Ditt st\u00f6d! Om du vill du st\u00f6tta Sj\u00f6r\u00e4ddningss\u00e4llskapet med mer pengar s\u00e5 f\u00f6lj denna l\u00e4nk:\u00a0<a href=\"https:\/\/www.sjoraddning.se\/ge-en-gava\">https:\/\/www.sjoraddning.se\/ge-en-gava<\/a>, alternativt\u00a0kontakta deras medlems- och g\u00e5voservice som har \u00f6ppet helgfria vardagar klockan 08.00-18.00. Telefon:\u00a0077-579 00 90.<\/p>\n","protected":false},"featured_media":4534,"template":"","meta":{"_crdt_document":"","advanced_seo_description":"","jetpack_seo_html_title":"","jetpack_seo_noindex":false,"jetpack_publicize_message":"","jetpack_publicize_feature_enabled":true,"jetpack_social_post_already_shared":true,"jetpack_social_options":{"image_generator_settings":{"template":"highway","default_image_id":0,"font":"","enabled":false},"version":2},"_wpas_customize_per_network":false},"product_brand":[],"product_cat":[1372527],"product_tag":[1372745,1372411,1372744],"class_list":{"0":"post-4533","1":"product","2":"type-product","3":"status-publish","4":"has-post-thumbnail","6":"product_cat-candy-toys-games","7":"product_tag-gosedjur","8":"product_tag-hund","9":"product_tag-maskot","10":"product_shipping_class-sv-a","12":"first","13":"instock","14":"taxable","15":"shipping-taxable","16":"purchasable","17":"product-type-simple"},"exclude_global_add_ons":[],"addons":[],"jetpack_publicize_connections":[],"jetpack_likes_enabled":true,"jetpack_sharing_enabled":true,"_links":{"self":[{"href":"https:\/\/sveilisdesign.com\/index.php?rest_route=\/wp\/v2\/product\/4533","targetHints":{"allow":["GET"]}}],"collection":[{"href":"https:\/\/sveilisdesign.com\/index.php?rest_route=\/wp\/v2\/product"}],"about":[{"href":"https:\/\/sveilisdesign.com\/index.php?rest_route=\/wp\/v2\/types\/product"}],"wp:featuredmedia":[{"embeddable":true,"href":"https:\/\/sveilisdesign.com\/index.php?rest_route=\/wp\/v2\/media\/4534"}],"wp:attachment":[{"href":"https:\/\/sveilisdesign.com\/index.php?rest_route=%2Fwp%2Fv2%2Fmedia&parent=4533"}],"wp:term":[{"taxonomy":"product_brand","embeddable":true,"href":"https:\/\/sveilisdesign.com\/index.php?rest_route=%2Fwp%2Fv2%2Fproduct_brand&post=4533"},{"taxonomy":"product_cat","embeddable":true,"href":"https:\/\/sveilisdesign.com\/index.php?rest_route=%2Fwp%2Fv2%2Fproduct_cat&post=4533"},{"taxonomy":"product_tag","embeddable":true,"href":"https:\/\/sveilisdesign.com\/index.php?rest_route=%2Fwp%2Fv2%2Fproduct_tag&post=4533"}],"curies":[{"name":"wp","href":"https:\/\/api.w.org\/{rel}","templated":true}]}}