{"id":4503,"date":"2023-11-20T22:01:13","date_gmt":"2023-11-20T21:01:13","guid":{"rendered":"https:\/\/sveilisdesign.com\/?post_type=product&#038;p=4503"},"modified":"2025-01-02T23:17:51","modified_gmt":"2025-01-02T22:17:51","slug":"love-hjartstrom","status":"publish","type":"product","link":"https:\/\/sveilisdesign.com\/?product=love-hjartstrom","title":{"rendered":"Love Hj\u00e4rtstr\u00f6m"},"content":{"rendered":"<p>Decorative powder coated metal tomtenisse \/ santa. Can be hung or placed on his own.<\/p>\n<p>6x3x9,5cm (width, depth, hight)<\/p>\n<p>25g<\/p>\n<p>&nbsp;<\/p>\n","protected":false},"excerpt":{"rendered":"<p style=\"font-weight: 400;\">Love Hj\u00e4rtstr\u00f6m \u00e4r en\u00a0trallande figur som sprider gl\u00e4dje, lycka och harmoni i alla s\u00e4llskap. \u00c4lskar ordvitsar\u00a0och \u00e4r en hejare p\u00e5 att\u00a0baka lussebullar.<\/p>\n<p style=\"font-weight: 400;\"><em>Love Hj\u00e4rtstr\u00f6m is a\u00a0charming figure who spreads Christmas cheer, joy and harmony in all groups. Loves puns and is a master of baking saffron\u00a0buns.<\/em><\/p>\n<p>&nbsp;<\/p>\n","protected":false},"featured_media":4490,"template":"","meta":{"_crdt_document":"","advanced_seo_description":"","jetpack_seo_html_title":"","jetpack_seo_noindex":false,"jetpack_publicize_message":"","jetpack_publicize_feature_enabled":true,"jetpack_social_post_already_shared":true,"jetpack_social_options":{"image_generator_settings":{"template":"highway","default_image_id":0,"font":"","enabled":false},"version":2},"_wpas_customize_per_network":false},"product_brand":[],"product_cat":[1372740],"product_tag":[1372739,1372397,1372738,1372737],"class_list":{"0":"post-4503","1":"product","2":"type-product","3":"status-publish","4":"has-post-thumbnail","6":"product_cat-tomtar","7":"product_tag-christmas","8":"product_tag-jul","9":"product_tag-nisse","10":"product_tag-tomte","11":"product_shipping_class-sv-a","13":"first","14":"instock","15":"taxable","16":"shipping-taxable","17":"purchasable","18":"product-type-simple"},"exclude_global_add_ons":[],"addons":[],"jetpack_publicize_connections":[],"jetpack_likes_enabled":true,"jetpack_sharing_enabled":true,"_links":{"self":[{"href":"https:\/\/sveilisdesign.com\/index.php?rest_route=\/wp\/v2\/product\/4503","targetHints":{"allow":["GET"]}}],"collection":[{"href":"https:\/\/sveilisdesign.com\/index.php?rest_route=\/wp\/v2\/product"}],"about":[{"href":"https:\/\/sveilisdesign.com\/index.php?rest_route=\/wp\/v2\/types\/product"}],"wp:featuredmedia":[{"embeddable":true,"href":"https:\/\/sveilisdesign.com\/index.php?rest_route=\/wp\/v2\/media\/4490"}],"wp:attachment":[{"href":"https:\/\/sveilisdesign.com\/index.php?rest_route=%2Fwp%2Fv2%2Fmedia&parent=4503"}],"wp:term":[{"taxonomy":"product_brand","embeddable":true,"href":"https:\/\/sveilisdesign.com\/index.php?rest_route=%2Fwp%2Fv2%2Fproduct_brand&post=4503"},{"taxonomy":"product_cat","embeddable":true,"href":"https:\/\/sveilisdesign.com\/index.php?rest_route=%2Fwp%2Fv2%2Fproduct_cat&post=4503"},{"taxonomy":"product_tag","embeddable":true,"href":"https:\/\/sveilisdesign.com\/index.php?rest_route=%2Fwp%2Fv2%2Fproduct_tag&post=4503"}],"curies":[{"name":"wp","href":"https:\/\/api.w.org\/{rel}","templated":true}]}}