{"id":3506,"date":"2022-03-08T18:19:21","date_gmt":"2022-03-08T17:19:21","guid":{"rendered":"https:\/\/sveilisdesign.com\/?post_type=product&#038;p=3506"},"modified":"2022-03-08T18:19:22","modified_gmt":"2022-03-08T17:19:22","slug":"kardinal-drinkskedar-drink-spoons","status":"publish","type":"product","link":"https:\/\/sveilisdesign.com\/?product=kardinal-drinkskedar-drink-spoons","title":{"rendered":"Kardinal Drinkskedar \/Drink spoons"},"content":{"rendered":"<p>Stainless steel.<br \/>\nDesigned by Sveilis Design, manufactured in India.<br \/>\nSize of box: 25x25x4cm, 350g<\/p>\n","protected":false},"excerpt":{"rendered":"<p>Kardinalm\u00e4rken \/ Cardinal marks<\/p>\n<p>Sex vackra l\u00e5nga rostfria skedar med nautisk dekoration, i elegant presentf\u00f6rpackning. Den perfekta g\u00e5van till en som beh\u00f6ver lite guidning i livet, eller bara gillar att mixa sin drink p\u00e5 ett stilfullt s\u00e4tt.<\/p>\n<p>Ordet\u00a0<em>kardinal\u00a0<\/em>kommer av latinets\u00a0<em>cardinalis,<\/em>\u00a0vilket\u00a0betyder\u00a0viktigaste eller huvudsakliga. Kardinalm\u00e4rken \u00e4r sj\u00f6m\u00e4rken, som \u00e4r utsatta norr, \u00f6ster, s\u00f6der eller v\u00e4ster om ett hinder.<\/p>\n<p><em>Six beautiful long stainless steel spoons with nautical decoration, in elegant gift box. The perfect gift for someone who needs a little guidance in life, or just likes to mix their drink in a stylish way.<\/em><\/p>\n<p><em>The word cardinal comes from the Latin\u00a0<u>cardinalis<\/u>, which means most important or main. Cardinal marks are navigation marks, used in maritime pilotage to indicate the position of a hazard.<\/em><\/p>\n","protected":false},"featured_media":3507,"template":"","meta":{"_crdt_document":"","advanced_seo_description":"","jetpack_seo_html_title":"","jetpack_seo_noindex":false,"jetpack_publicize_message":"","jetpack_publicize_feature_enabled":true,"jetpack_social_post_already_shared":true,"jetpack_social_options":{"image_generator_settings":{"template":"highway","default_image_id":0,"font":"","enabled":false},"version":2},"_wpas_customize_per_network":false},"product_brand":[],"product_cat":[1372518],"product_tag":[1372408,1372413,1372407],"class_list":{"0":"post-3506","1":"product","2":"type-product","3":"status-publish","4":"has-post-thumbnail","6":"product_cat-table-setting","7":"product_tag-batliv","8":"product_tag-kardinalmarken","9":"product_tag-skargardsliv","10":"product_shipping_class-sv-b","12":"first","13":"instock","14":"taxable","15":"shipping-taxable","16":"purchasable","17":"product-type-simple"},"exclude_global_add_ons":[],"addons":[],"jetpack_publicize_connections":[],"jetpack_likes_enabled":true,"jetpack_sharing_enabled":true,"_links":{"self":[{"href":"https:\/\/sveilisdesign.com\/index.php?rest_route=\/wp\/v2\/product\/3506","targetHints":{"allow":["GET"]}}],"collection":[{"href":"https:\/\/sveilisdesign.com\/index.php?rest_route=\/wp\/v2\/product"}],"about":[{"href":"https:\/\/sveilisdesign.com\/index.php?rest_route=\/wp\/v2\/types\/product"}],"wp:featuredmedia":[{"embeddable":true,"href":"https:\/\/sveilisdesign.com\/index.php?rest_route=\/wp\/v2\/media\/3507"}],"wp:attachment":[{"href":"https:\/\/sveilisdesign.com\/index.php?rest_route=%2Fwp%2Fv2%2Fmedia&parent=3506"}],"wp:term":[{"taxonomy":"product_brand","embeddable":true,"href":"https:\/\/sveilisdesign.com\/index.php?rest_route=%2Fwp%2Fv2%2Fproduct_brand&post=3506"},{"taxonomy":"product_cat","embeddable":true,"href":"https:\/\/sveilisdesign.com\/index.php?rest_route=%2Fwp%2Fv2%2Fproduct_cat&post=3506"},{"taxonomy":"product_tag","embeddable":true,"href":"https:\/\/sveilisdesign.com\/index.php?rest_route=%2Fwp%2Fv2%2Fproduct_tag&post=3506"}],"curies":[{"name":"wp","href":"https:\/\/api.w.org\/{rel}","templated":true}]}}