{"id":3478,"date":"2022-03-07T18:05:20","date_gmt":"2022-03-07T17:05:20","guid":{"rendered":"https:\/\/sveilisdesign.com\/?post_type=product&#038;p=3478"},"modified":"2025-01-02T23:38:52","modified_gmt":"2025-01-02T22:38:52","slug":"strykjarnet-bokstod-bookend","status":"publish","type":"product","link":"https:\/\/sveilisdesign.com\/?product=strykjarnet-bokstod-bookend","title":{"rendered":"Strykj\u00e4rnet bokst\u00f6d \/ bookend"},"content":{"rendered":"","protected":false},"excerpt":{"rendered":"<p>Trevligt dekorativt bokst\u00f6d f\u00f6r bokhyllan eller skrivbordet. Tv\u00e5 st\u00f6d kan st\u00e4llas mot varandra p\u00e5 ett skrivbord. Tillverkade i laserskuren och pulverlackad metall. Motiv fr\u00e5n Norrk\u00f6ping: Strykj\u00e4rnet.<\/p>\n<p>Nice decorative bookend for the bookshelf or desk. Two supports can be placed against each other on a desk. Made of laser cut and powder coated metal. Motif from Norrk\u00f6ping, Sweden; The museum of work the building Strykj\u00e4rnet (The Flat Iron).<\/p>\n","protected":false},"featured_media":3479,"template":"","meta":{"_crdt_document":"","advanced_seo_description":"","jetpack_seo_html_title":"","jetpack_seo_noindex":false,"jetpack_publicize_message":"","jetpack_publicize_feature_enabled":true,"jetpack_social_post_already_shared":true,"jetpack_social_options":{"image_generator_settings":{"template":"highway","default_image_id":0,"font":"","enabled":false},"version":2},"_wpas_customize_per_network":false},"product_brand":[],"product_cat":[1372491],"product_tag":[1372555,1372718],"class_list":{"0":"post-3478","1":"product","2":"type-product","3":"status-publish","4":"has-post-thumbnail","6":"product_cat-bokstod","7":"product_tag-ostergotland","8":"product_tag-norrkoping","9":"product_shipping_class-sv-a","11":"first","12":"instock","13":"taxable","14":"shipping-taxable","15":"purchasable","16":"product-type-simple"},"exclude_global_add_ons":[],"addons":[],"jetpack_publicize_connections":[],"jetpack_likes_enabled":true,"jetpack_sharing_enabled":true,"_links":{"self":[{"href":"https:\/\/sveilisdesign.com\/index.php?rest_route=\/wp\/v2\/product\/3478","targetHints":{"allow":["GET"]}}],"collection":[{"href":"https:\/\/sveilisdesign.com\/index.php?rest_route=\/wp\/v2\/product"}],"about":[{"href":"https:\/\/sveilisdesign.com\/index.php?rest_route=\/wp\/v2\/types\/product"}],"wp:featuredmedia":[{"embeddable":true,"href":"https:\/\/sveilisdesign.com\/index.php?rest_route=\/wp\/v2\/media\/3479"}],"wp:attachment":[{"href":"https:\/\/sveilisdesign.com\/index.php?rest_route=%2Fwp%2Fv2%2Fmedia&parent=3478"}],"wp:term":[{"taxonomy":"product_brand","embeddable":true,"href":"https:\/\/sveilisdesign.com\/index.php?rest_route=%2Fwp%2Fv2%2Fproduct_brand&post=3478"},{"taxonomy":"product_cat","embeddable":true,"href":"https:\/\/sveilisdesign.com\/index.php?rest_route=%2Fwp%2Fv2%2Fproduct_cat&post=3478"},{"taxonomy":"product_tag","embeddable":true,"href":"https:\/\/sveilisdesign.com\/index.php?rest_route=%2Fwp%2Fv2%2Fproduct_tag&post=3478"}],"curies":[{"name":"wp","href":"https:\/\/api.w.org\/{rel}","templated":true}]}}