{"id":3471,"date":"2022-03-07T17:20:33","date_gmt":"2022-03-07T16:20:33","guid":{"rendered":"https:\/\/sveilisdesign.com\/?post_type=product&#038;p=3471"},"modified":"2025-01-03T00:22:00","modified_gmt":"2025-01-02T23:22:00","slug":"bla-kusten-ved-tidningsstall-wood-magazine-rack","status":"publish","type":"product","link":"https:\/\/sveilisdesign.com\/?product=bla-kusten-ved-tidningsstall-wood-magazine-rack","title":{"rendered":"Bl\u00e5 kusten Ved &#038; Tidningsst\u00e4ll \/ Wood &#038; Magazine rack"},"content":{"rendered":"<p>Size 24x31x40cm, 4kg<\/p>\n","protected":false},"excerpt":{"rendered":"<p>Ett mycket gediget tidnings\/vedst\u00e4ll i laserskuren pulverlackad metall, med motiv fr\u00e5n Bl\u00e5 kusten.<\/p>\n<p>A very solid newspaper \/ wood stand in laser-cut powder-coated metal, with motifs from the Swedish East coast.<\/p>\n","protected":false},"featured_media":3472,"template":"","meta":{"_crdt_document":"","advanced_seo_description":"","jetpack_seo_html_title":"","jetpack_seo_noindex":false,"jetpack_publicize_message":"","jetpack_publicize_feature_enabled":true,"jetpack_social_post_already_shared":true,"jetpack_social_options":{"image_generator_settings":{"template":"highway","default_image_id":0,"font":"","enabled":false},"version":2},"_wpas_customize_per_network":false},"product_brand":[],"product_cat":[1372614,1372495],"product_tag":[1372555,1372719,1372407],"class_list":{"0":"post-3471","1":"product","2":"type-product","3":"status-publish","4":"has-post-thumbnail","6":"product_cat-ovrigt-skargardsliv","7":"product_cat-ved-tidningsstall","8":"product_tag-ostergotland","9":"product_tag-bla-kusten","10":"product_tag-skargardsliv","11":"product_shipping_class-g","13":"first","14":"instock","15":"taxable","16":"shipping-taxable","17":"purchasable","18":"product-type-simple"},"exclude_global_add_ons":[],"addons":[],"jetpack_publicize_connections":[],"jetpack_likes_enabled":true,"jetpack_sharing_enabled":true,"_links":{"self":[{"href":"https:\/\/sveilisdesign.com\/index.php?rest_route=\/wp\/v2\/product\/3471","targetHints":{"allow":["GET"]}}],"collection":[{"href":"https:\/\/sveilisdesign.com\/index.php?rest_route=\/wp\/v2\/product"}],"about":[{"href":"https:\/\/sveilisdesign.com\/index.php?rest_route=\/wp\/v2\/types\/product"}],"wp:featuredmedia":[{"embeddable":true,"href":"https:\/\/sveilisdesign.com\/index.php?rest_route=\/wp\/v2\/media\/3472"}],"wp:attachment":[{"href":"https:\/\/sveilisdesign.com\/index.php?rest_route=%2Fwp%2Fv2%2Fmedia&parent=3471"}],"wp:term":[{"taxonomy":"product_brand","embeddable":true,"href":"https:\/\/sveilisdesign.com\/index.php?rest_route=%2Fwp%2Fv2%2Fproduct_brand&post=3471"},{"taxonomy":"product_cat","embeddable":true,"href":"https:\/\/sveilisdesign.com\/index.php?rest_route=%2Fwp%2Fv2%2Fproduct_cat&post=3471"},{"taxonomy":"product_tag","embeddable":true,"href":"https:\/\/sveilisdesign.com\/index.php?rest_route=%2Fwp%2Fv2%2Fproduct_tag&post=3471"}],"curies":[{"name":"wp","href":"https:\/\/api.w.org\/{rel}","templated":true}]}}