{"id":3431,"date":"2022-03-07T13:44:01","date_gmt":"2022-03-07T12:44:01","guid":{"rendered":"https:\/\/sveilisdesign.com\/?post_type=product&#038;p=3431"},"modified":"2025-01-02T23:41:37","modified_gmt":"2025-01-02T22:41:37","slug":"visby-krokar-hooks","status":"publish","type":"product","link":"https:\/\/sveilisdesign.com\/?product=visby-krokar-hooks","title":{"rendered":"Visby krokar \/ hooks"},"content":{"rendered":"<p>Designed and manufactured by Kurt Sveilis, in our workshop in Norrk\u00f6ping, Sweden.<\/p>\n<p><span lang=\"EN-US\">Dimensions: 30cm wide, 5.7cm deep, 17-22cm high, weight 550-700g<\/span><\/p>\n<p>Individually packed in a white self-locking cardboard box.<\/p>\n","protected":false},"excerpt":{"rendered":"<div>\n<div>\n<p>Laserskurna krokar i pulverlackad metall med silhuettmotiv\u00a0fr\u00e5n Gotland, Visby stadssilhuett. 4-5 krokar som \u00e4r 5,5cm djupa. Ett skruvh\u00e5l i vardera sidan.<span class=\"apple-converted-space\">\u00a0<\/span><\/p>\n<\/div>\n<div>\n<p>Laser cut hooks in powder coated metal with silhouette motifs from Gotland, Visby cityscape<span lang=\"EN-US\">. <\/span>4-5 hooks which are 5.5cm deep. A screw hole in each side.<\/p>\n<\/div>\n<\/div>\n","protected":false},"featured_media":3432,"template":"","meta":{"_crdt_document":"","advanced_seo_description":"","jetpack_seo_html_title":"","jetpack_seo_noindex":false,"jetpack_publicize_message":"","jetpack_publicize_feature_enabled":true,"jetpack_social_post_already_shared":true,"jetpack_social_options":{"image_generator_settings":{"template":"highway","default_image_id":0,"font":"","enabled":false},"version":2},"_wpas_customize_per_network":false},"product_brand":[],"product_cat":[1372490],"product_tag":[1372573,1372396],"class_list":{"0":"post-3431","1":"product","2":"type-product","3":"status-publish","4":"has-post-thumbnail","6":"product_cat-krokar","7":"product_tag-gotland","8":"product_tag-stadssilhuett","9":"product_shipping_class-c","11":"first","12":"outofstock","13":"sold-individually","14":"taxable","15":"shipping-taxable","16":"purchasable","17":"product-type-simple"},"exclude_global_add_ons":[],"addons":[],"jetpack_publicize_connections":[],"jetpack_likes_enabled":true,"jetpack_sharing_enabled":true,"_links":{"self":[{"href":"https:\/\/sveilisdesign.com\/index.php?rest_route=\/wp\/v2\/product\/3431","targetHints":{"allow":["GET"]}}],"collection":[{"href":"https:\/\/sveilisdesign.com\/index.php?rest_route=\/wp\/v2\/product"}],"about":[{"href":"https:\/\/sveilisdesign.com\/index.php?rest_route=\/wp\/v2\/types\/product"}],"wp:featuredmedia":[{"embeddable":true,"href":"https:\/\/sveilisdesign.com\/index.php?rest_route=\/wp\/v2\/media\/3432"}],"wp:attachment":[{"href":"https:\/\/sveilisdesign.com\/index.php?rest_route=%2Fwp%2Fv2%2Fmedia&parent=3431"}],"wp:term":[{"taxonomy":"product_brand","embeddable":true,"href":"https:\/\/sveilisdesign.com\/index.php?rest_route=%2Fwp%2Fv2%2Fproduct_brand&post=3431"},{"taxonomy":"product_cat","embeddable":true,"href":"https:\/\/sveilisdesign.com\/index.php?rest_route=%2Fwp%2Fv2%2Fproduct_cat&post=3431"},{"taxonomy":"product_tag","embeddable":true,"href":"https:\/\/sveilisdesign.com\/index.php?rest_route=%2Fwp%2Fv2%2Fproduct_tag&post=3431"}],"curies":[{"name":"wp","href":"https:\/\/api.w.org\/{rel}","templated":true}]}}