{"id":3286,"date":"2022-03-03T23:23:04","date_gmt":"2022-03-03T22:23:04","guid":{"rendered":"https:\/\/sveilisdesign.com\/?post_type=product&#038;p=3286"},"modified":"2023-08-07T16:49:31","modified_gmt":"2023-08-07T14:49:31","slug":"4-st-gasttvalar-fisk-citron","status":"publish","type":"product","link":"https:\/\/sveilisdesign.com\/?product=4-st-gasttvalar-fisk-citron","title":{"rendered":"4 st g\u00e4sttv\u00e5lar: fisk\/citron"},"content":{"rendered":"<p>Size individual cardboard package: 4x6x1.5cm, each soap 25g<br \/>\nProduced by Sk\u00f6na Ting in Sweden.<\/p>\n","protected":false},"excerpt":{"rendered":"<p>Fyra svensktillverkade g\u00e4sttv\u00e5lar gjorda med eteriska oljor av h\u00f6gsta kvalit\u00e9. F\u00f6rpackningarna \u00e4r dekorerade med vackra bilder p\u00e5 fyra vanliga fiskar fr\u00e5n svenska vatten: g\u00e4dda, abborre, lax och flundra. Som tur \u00e4r s\u00e5 doftar inte tv\u00e5larna fisk utan ljuvligt frisk citron. En eterisk olja som effektivt tar bort just fisklukt.<\/p>\n<p>Four Swedish-made guest soaps made with essential oils of the highest quality. The packaging is decorated with beautiful pictures of four common fish from Swedish waters: pike, perch, salmon and flounder. Fortunately, the soaps do not smell like fish but lemon. An essential oil that effectively removes fish odor.<\/p>\n","protected":false},"featured_media":3287,"template":"","meta":{"_crdt_document":"","advanced_seo_description":"","jetpack_seo_html_title":"","jetpack_seo_noindex":false,"jetpack_publicize_message":"","jetpack_publicize_feature_enabled":true,"jetpack_social_post_already_shared":true,"jetpack_social_options":{"image_generator_settings":{"template":"highway","default_image_id":0,"font":"","enabled":false},"version":2},"_wpas_customize_per_network":false},"product_brand":[],"product_cat":[1372521],"product_tag":[],"class_list":{"0":"post-3286","1":"product","2":"type-product","3":"status-publish","4":"has-post-thumbnail","6":"product_cat-soap-hygiene","8":"first","9":"outofstock","10":"taxable","11":"shipping-taxable","12":"purchasable","13":"product-type-simple"},"exclude_global_add_ons":[],"addons":[],"jetpack_publicize_connections":[],"jetpack_likes_enabled":true,"jetpack_sharing_enabled":true,"_links":{"self":[{"href":"https:\/\/sveilisdesign.com\/index.php?rest_route=\/wp\/v2\/product\/3286","targetHints":{"allow":["GET"]}}],"collection":[{"href":"https:\/\/sveilisdesign.com\/index.php?rest_route=\/wp\/v2\/product"}],"about":[{"href":"https:\/\/sveilisdesign.com\/index.php?rest_route=\/wp\/v2\/types\/product"}],"wp:featuredmedia":[{"embeddable":true,"href":"https:\/\/sveilisdesign.com\/index.php?rest_route=\/wp\/v2\/media\/3287"}],"wp:attachment":[{"href":"https:\/\/sveilisdesign.com\/index.php?rest_route=%2Fwp%2Fv2%2Fmedia&parent=3286"}],"wp:term":[{"taxonomy":"product_brand","embeddable":true,"href":"https:\/\/sveilisdesign.com\/index.php?rest_route=%2Fwp%2Fv2%2Fproduct_brand&post=3286"},{"taxonomy":"product_cat","embeddable":true,"href":"https:\/\/sveilisdesign.com\/index.php?rest_route=%2Fwp%2Fv2%2Fproduct_cat&post=3286"},{"taxonomy":"product_tag","embeddable":true,"href":"https:\/\/sveilisdesign.com\/index.php?rest_route=%2Fwp%2Fv2%2Fproduct_tag&post=3286"}],"curies":[{"name":"wp","href":"https:\/\/api.w.org\/{rel}","templated":true}]}}