{"id":3179,"date":"2022-03-01T12:18:27","date_gmt":"2022-03-01T11:18:27","guid":{"rendered":"https:\/\/sveilisdesign.com\/?post_type=product&#038;p=3179"},"modified":"2025-01-02T23:26:01","modified_gmt":"2025-01-02T22:26:01","slug":"lucia-servetthallare","status":"publish","type":"product","link":"https:\/\/sveilisdesign.com\/?product=lucia-servetthallare","title":{"rendered":"Lucia servetth\u00e5llare"},"content":{"rendered":"<div>\n<p><span lang=\"EN-US\">Dimensions:<span class=\"apple-converted-space\">\u00a0<\/span>5,8&#215;14,2cm base, height 12,5-14,5cm, weight: 300-450g.<\/span><\/p>\n<p><span lang=\"EN-US\">Designed and manufactured by Kurt Sveilis, in our workshop in Norrk\u00f6ping, Sweden.<span class=\"apple-converted-space\">\u00a0<\/span><\/span><\/p>\n<\/div>\n","protected":false},"excerpt":{"rendered":"<div>\n<p>Laserskuren servetth\u00e5llare i pulverlackad metall<span class=\"apple-converted-space\">\u00a0<\/span>med silhuettmotiv av Luciafirande. Servetth\u00e5llaren fungerar \u00e4ven utm\u00e4rkt som brevst\u00e4ll.<\/p>\n<\/div>\n<div><span lang=\"EN-US\"><span lang=\"EN-US\">Laser cut napkin holder in powder coated metal with silhouette motifs <\/span><\/span>of the Swedish Lucia celebration. This napkin holder also works as a letter stand.<\/div>\n","protected":false},"featured_media":3184,"template":"","meta":{"_crdt_document":"","advanced_seo_description":"","jetpack_seo_html_title":"","jetpack_seo_noindex":false,"jetpack_publicize_message":"","jetpack_publicize_feature_enabled":true,"jetpack_social_post_already_shared":true,"jetpack_social_options":{"image_generator_settings":{"template":"highway","default_image_id":0,"font":"","enabled":false},"version":2},"_wpas_customize_per_network":false},"product_brand":[],"product_cat":[1372743,1372485],"product_tag":[1372397],"class_list":{"0":"post-3179","1":"product","2":"type-product","3":"status-publish","4":"has-post-thumbnail","6":"product_cat-ovrigt-other","7":"product_cat-servetthallare","8":"product_tag-jul","9":"product_shipping_class-sv-b","11":"first","12":"instock","13":"taxable","14":"shipping-taxable","15":"purchasable","16":"product-type-variable"},"exclude_global_add_ons":[],"addons":[],"jetpack_publicize_connections":[],"jetpack_likes_enabled":true,"jetpack_sharing_enabled":true,"_links":{"self":[{"href":"https:\/\/sveilisdesign.com\/index.php?rest_route=\/wp\/v2\/product\/3179","targetHints":{"allow":["GET"]}}],"collection":[{"href":"https:\/\/sveilisdesign.com\/index.php?rest_route=\/wp\/v2\/product"}],"about":[{"href":"https:\/\/sveilisdesign.com\/index.php?rest_route=\/wp\/v2\/types\/product"}],"wp:featuredmedia":[{"embeddable":true,"href":"https:\/\/sveilisdesign.com\/index.php?rest_route=\/wp\/v2\/media\/3184"}],"wp:attachment":[{"href":"https:\/\/sveilisdesign.com\/index.php?rest_route=%2Fwp%2Fv2%2Fmedia&parent=3179"}],"wp:term":[{"taxonomy":"product_brand","embeddable":true,"href":"https:\/\/sveilisdesign.com\/index.php?rest_route=%2Fwp%2Fv2%2Fproduct_brand&post=3179"},{"taxonomy":"product_cat","embeddable":true,"href":"https:\/\/sveilisdesign.com\/index.php?rest_route=%2Fwp%2Fv2%2Fproduct_cat&post=3179"},{"taxonomy":"product_tag","embeddable":true,"href":"https:\/\/sveilisdesign.com\/index.php?rest_route=%2Fwp%2Fv2%2Fproduct_tag&post=3179"}],"curies":[{"name":"wp","href":"https:\/\/api.w.org\/{rel}","templated":true}]}}