{"id":3107,"date":"2022-03-01T10:28:44","date_gmt":"2022-03-01T09:28:44","guid":{"rendered":"https:\/\/sveilisdesign.com\/?post_type=product&#038;p=3107"},"modified":"2025-01-03T00:20:47","modified_gmt":"2025-01-02T23:20:47","slug":"vastkustfyrar-servetthallare","status":"publish","type":"product","link":"https:\/\/sveilisdesign.com\/?product=vastkustfyrar-servetthallare","title":{"rendered":"V\u00e4stkustfyrar servetth\u00e5llare"},"content":{"rendered":"<div>\n<p><span lang=\"EN-US\">Dimensions:<span class=\"apple-converted-space\">\u00a0<\/span>5,8&#215;14,2cm base, height 12,5-14,5cm, weight: 300-450g.<\/span><\/p>\n<p><span lang=\"EN-US\">Designed and manufactured by Kurt Sveilis, in our workshop in Norrk\u00f6ping, Sweden.<span class=\"apple-converted-space\">\u00a0<\/span><\/span><\/p>\n<\/div>\n","protected":false},"excerpt":{"rendered":"<div>\n<p><strong>H\u00e4r kan man r\u00e4kna till fyr!<\/strong><br \/>\nLaserskuren servetth\u00e5llare i pulverlackad metall<span class=\"apple-converted-space\">\u00a0<\/span>med silhuettmotiv fr\u00e5n den svenska v\u00e4stkusten, fyrarna: Vinga, Pater Noster, H\u00e5ll\u00f6, M\u00e5sesk\u00e4r. Servetth\u00e5llaren fungerar \u00e4ven utm\u00e4rkt som brevst\u00e4ll.<\/p>\n<\/div>\n<div><span lang=\"EN-US\"><span lang=\"EN-US\">Laser cut napkin holder in powder coated metal with silhouette motifs <\/span><\/span>from the Swedish West coast, the lighthouses:\u00a0Vinga, Pater Noster, H\u00e5ll\u00f6, M\u00e5sesk\u00e4r. This napkin holder also works as a letter stand.<\/div>\n","protected":false},"featured_media":3114,"template":"","meta":{"_crdt_document":"","advanced_seo_description":"","jetpack_seo_html_title":"","jetpack_seo_noindex":false,"jetpack_publicize_message":"","jetpack_publicize_feature_enabled":true,"jetpack_social_post_already_shared":true,"jetpack_social_options":{"image_generator_settings":{"template":"highway","default_image_id":0,"font":"","enabled":false},"version":2},"_wpas_customize_per_network":false},"product_brand":[],"product_cat":[1372485,1372518],"product_tag":[1372408,1372561,1372402,1372406,1372407,1372564,1372720],"class_list":{"0":"post-3107","1":"product","2":"type-product","3":"status-publish","4":"has-post-thumbnail","6":"product_cat-servetthallare","7":"product_cat-table-setting","8":"product_tag-batliv","9":"product_tag-bohuslan","10":"product_tag-fyr","11":"product_tag-seglare","12":"product_tag-skargardsliv","13":"product_tag-vastergotland","14":"product_tag-vastkusten","15":"product_shipping_class-sv-b","17":"first","18":"instock","19":"taxable","20":"shipping-taxable","21":"purchasable","22":"product-type-variable"},"exclude_global_add_ons":[],"addons":[],"jetpack_publicize_connections":[],"jetpack_likes_enabled":true,"jetpack_sharing_enabled":true,"_links":{"self":[{"href":"https:\/\/sveilisdesign.com\/index.php?rest_route=\/wp\/v2\/product\/3107","targetHints":{"allow":["GET"]}}],"collection":[{"href":"https:\/\/sveilisdesign.com\/index.php?rest_route=\/wp\/v2\/product"}],"about":[{"href":"https:\/\/sveilisdesign.com\/index.php?rest_route=\/wp\/v2\/types\/product"}],"wp:featuredmedia":[{"embeddable":true,"href":"https:\/\/sveilisdesign.com\/index.php?rest_route=\/wp\/v2\/media\/3114"}],"wp:attachment":[{"href":"https:\/\/sveilisdesign.com\/index.php?rest_route=%2Fwp%2Fv2%2Fmedia&parent=3107"}],"wp:term":[{"taxonomy":"product_brand","embeddable":true,"href":"https:\/\/sveilisdesign.com\/index.php?rest_route=%2Fwp%2Fv2%2Fproduct_brand&post=3107"},{"taxonomy":"product_cat","embeddable":true,"href":"https:\/\/sveilisdesign.com\/index.php?rest_route=%2Fwp%2Fv2%2Fproduct_cat&post=3107"},{"taxonomy":"product_tag","embeddable":true,"href":"https:\/\/sveilisdesign.com\/index.php?rest_route=%2Fwp%2Fv2%2Fproduct_tag&post=3107"}],"curies":[{"name":"wp","href":"https:\/\/api.w.org\/{rel}","templated":true}]}}