{"id":3103,"date":"2022-03-01T10:22:10","date_gmt":"2022-03-01T09:22:10","guid":{"rendered":"https:\/\/sveilisdesign.com\/?post_type=product&#038;p=3103"},"modified":"2025-01-02T23:27:17","modified_gmt":"2025-01-02T22:27:17","slug":"kaffegok","status":"publish","type":"product","link":"https:\/\/sveilisdesign.com\/?product=kaffegok","title":{"rendered":"Kaffeg\u00f6k"},"content":{"rendered":"","protected":false},"excerpt":{"rendered":"<p>Laserskuren f\u00e5geldekoration i pulverlackad metall. Designade och tillverkade av Kurt Sveilis, i v\u00e5r verkstad i Norrk\u00f6ping.<\/p>\n<p>Laser cut decorative bird in powder coated metal. Designed and manufactured by Kurt Sveilis, in our workshop in Norrk\u00f6ping, Sweden.<\/p>\n","protected":false},"featured_media":3104,"template":"","meta":{"_crdt_document":"","advanced_seo_description":"","jetpack_seo_html_title":"","jetpack_seo_noindex":false,"jetpack_publicize_message":"","jetpack_publicize_feature_enabled":true,"jetpack_social_post_already_shared":true,"jetpack_social_options":{"image_generator_settings":{"template":"highway","default_image_id":0,"font":"","enabled":false},"version":2},"_wpas_customize_per_network":false},"product_brand":[],"product_cat":[1372442,1372614,1372518],"product_tag":[1372412],"class_list":{"0":"post-3103","1":"product","2":"type-product","3":"status-publish","4":"has-post-thumbnail","6":"product_cat-uncategorized","7":"product_cat-ovrigt-skargardsliv","8":"product_cat-table-setting","9":"product_tag-fagel","10":"product_shipping_class-sv-a","12":"first","13":"instock","14":"taxable","15":"shipping-taxable","16":"purchasable","17":"product-type-variable"},"exclude_global_add_ons":[],"addons":[],"jetpack_publicize_connections":[],"jetpack_likes_enabled":true,"jetpack_sharing_enabled":true,"_links":{"self":[{"href":"https:\/\/sveilisdesign.com\/index.php?rest_route=\/wp\/v2\/product\/3103","targetHints":{"allow":["GET"]}}],"collection":[{"href":"https:\/\/sveilisdesign.com\/index.php?rest_route=\/wp\/v2\/product"}],"about":[{"href":"https:\/\/sveilisdesign.com\/index.php?rest_route=\/wp\/v2\/types\/product"}],"wp:featuredmedia":[{"embeddable":true,"href":"https:\/\/sveilisdesign.com\/index.php?rest_route=\/wp\/v2\/media\/3104"}],"wp:attachment":[{"href":"https:\/\/sveilisdesign.com\/index.php?rest_route=%2Fwp%2Fv2%2Fmedia&parent=3103"}],"wp:term":[{"taxonomy":"product_brand","embeddable":true,"href":"https:\/\/sveilisdesign.com\/index.php?rest_route=%2Fwp%2Fv2%2Fproduct_brand&post=3103"},{"taxonomy":"product_cat","embeddable":true,"href":"https:\/\/sveilisdesign.com\/index.php?rest_route=%2Fwp%2Fv2%2Fproduct_cat&post=3103"},{"taxonomy":"product_tag","embeddable":true,"href":"https:\/\/sveilisdesign.com\/index.php?rest_route=%2Fwp%2Fv2%2Fproduct_tag&post=3103"}],"curies":[{"name":"wp","href":"https:\/\/api.w.org\/{rel}","templated":true}]}}