{"id":3098,"date":"2022-03-01T10:17:26","date_gmt":"2022-03-01T09:17:26","guid":{"rendered":"https:\/\/sveilisdesign.com\/?post_type=product&#038;p=3098"},"modified":"2025-01-02T23:27:56","modified_gmt":"2025-01-02T22:27:56","slug":"krafta-med-ljushallare","status":"publish","type":"product","link":"https:\/\/sveilisdesign.com\/?product=krafta-med-ljushallare","title":{"rendered":"Kr\u00e4fta med ljush\u00e5llare"},"content":{"rendered":"","protected":false},"excerpt":{"rendered":"<p>Full\u00e4nda kr\u00e4ftskivan eller fira kr\u00e4ftans stj\u00e4rntecken med den h\u00e4r h\u00e4ftiga ljusstaken. Laserskuren h\u00e5llare f\u00f6r v\u00e4rmeljus i pulverlackad metall i form av en kr\u00e4fta. Designade och tillverkade av Kurt Sveilis, i v\u00e5r verkstad i Norrk\u00f6ping.<\/p>\n<p>Complete the crayfish party or celebrate the zodiac sign of Cancer with this cool candlestick. Laser cut tea candle holder in powder coated metal in the form of a crayfish. Designed and manufactured by Kurt Sveilis, in our workshop in Norrk\u00f6ping, Sweden.<\/p>\n","protected":false},"featured_media":3101,"template":"","meta":{"_crdt_document":"","advanced_seo_description":"","jetpack_seo_html_title":"","jetpack_seo_noindex":false,"jetpack_publicize_message":"","jetpack_publicize_feature_enabled":true,"jetpack_social_post_already_shared":true,"jetpack_social_options":{"image_generator_settings":{"template":"highway","default_image_id":0,"font":"","enabled":false},"version":2},"_wpas_customize_per_network":false},"product_brand":[],"product_cat":[1372515,1372442,1372614,1372518],"product_tag":[],"class_list":{"0":"post-3098","1":"product","2":"type-product","3":"status-publish","4":"has-post-thumbnail","6":"product_cat-ljusstakar","7":"product_cat-uncategorized","8":"product_cat-ovrigt-skargardsliv","9":"product_cat-table-setting","10":"product_shipping_class-sv-a","12":"first","13":"instock","14":"taxable","15":"shipping-taxable","16":"purchasable","17":"product-type-simple"},"exclude_global_add_ons":[],"addons":[],"jetpack_publicize_connections":[],"jetpack_likes_enabled":true,"jetpack_sharing_enabled":true,"_links":{"self":[{"href":"https:\/\/sveilisdesign.com\/index.php?rest_route=\/wp\/v2\/product\/3098","targetHints":{"allow":["GET"]}}],"collection":[{"href":"https:\/\/sveilisdesign.com\/index.php?rest_route=\/wp\/v2\/product"}],"about":[{"href":"https:\/\/sveilisdesign.com\/index.php?rest_route=\/wp\/v2\/types\/product"}],"wp:featuredmedia":[{"embeddable":true,"href":"https:\/\/sveilisdesign.com\/index.php?rest_route=\/wp\/v2\/media\/3101"}],"wp:attachment":[{"href":"https:\/\/sveilisdesign.com\/index.php?rest_route=%2Fwp%2Fv2%2Fmedia&parent=3098"}],"wp:term":[{"taxonomy":"product_brand","embeddable":true,"href":"https:\/\/sveilisdesign.com\/index.php?rest_route=%2Fwp%2Fv2%2Fproduct_brand&post=3098"},{"taxonomy":"product_cat","embeddable":true,"href":"https:\/\/sveilisdesign.com\/index.php?rest_route=%2Fwp%2Fv2%2Fproduct_cat&post=3098"},{"taxonomy":"product_tag","embeddable":true,"href":"https:\/\/sveilisdesign.com\/index.php?rest_route=%2Fwp%2Fv2%2Fproduct_tag&post=3098"}],"curies":[{"name":"wp","href":"https:\/\/api.w.org\/{rel}","templated":true}]}}