{"id":2990,"date":"2022-02-28T22:15:34","date_gmt":"2022-02-28T21:15:34","guid":{"rendered":"https:\/\/sveilisdesign.com\/?post_type=product&#038;p=2990"},"modified":"2025-01-03T11:06:32","modified_gmt":"2025-01-03T10:06:32","slug":"anchors-and-stripes-bag-in-bag-bib-holder","status":"publish","type":"product","link":"https:\/\/sveilisdesign.com\/?product=anchors-and-stripes-bag-in-bag-bib-holder","title":{"rendered":"Bag in Bag \/ BiB holder Anchors and Stripes"},"content":{"rendered":"<p>Swedish Lighthouse, made in Sweden, by Sveilis Design AB.<\/p>\n","protected":false},"excerpt":{"rendered":"<p><strong>Ta med l\u00e5dvinet med stil!<\/strong><br \/>\nF\u00f6r 3 liters bag in box dryck. Enkel att packa och stuva undan men \u00e4ven trevlig att b\u00e4ra med sig. BiB-p\u00e5sen tas ur boxen och l\u00e4ggs i Bag-in-Bag via dragkedje\u00f6ppningen i sidan. Perfekt f\u00f6r picknicken, utflykten, uteplatsen, husbilen, b\u00e5ten, t\u00e4ltet och festen. Med en p\u00e5fyllningsbar BiB p\u00e5se s\u00e5 packar man enkelt med sig 3 liter v\u00e4tska p\u00e5 alla \u00e4ventyr. L\u00e4gg med en kylklamp s\u00e5 h\u00e5ller sig drycken kall. Tyget \u00e4r vattenavvisande. Handtaget av rep \u00e4r tillr\u00e4ckligt l\u00e5ngt f\u00f6r att passa \u00f6ver axeln. Den dragskof\u00f6rsedda kran\u00f6ppningen kan l\u00e5sa inne kranen f\u00f6r att undvika l\u00e4ckage under transport. En uppskattad present som \u00e4r rolig att ge och trevlig att f\u00e5!<\/p>\n<p><strong>Bring your boxed wine in style!<\/strong><br \/>\nFor 3 liter bag-in-box drinks. Easy to pack, and easy to store, but also nice to carry along. Just take out the drink bag from the box and place it in the BiB. Zipper opening in the side. With a refillable BiB bag, you can easily pack 3 liters of liquid for any occasion and all adventures. Great for picknicks, family outings, boating, camping and summer parties. Add an ice-pack to keep the drink cool! The fabric is water repellent. The handle is made of rope and long enough to hang over the shoulder. \u00a0The opening for the tap can be closed to avoid leakage during transportation. \u00a0Makes a nice gift that is fun to give and great to get!<\/p>\n","protected":false},"featured_media":3011,"template":"","meta":{"_crdt_document":"","advanced_seo_description":"","jetpack_seo_html_title":"","jetpack_seo_noindex":false,"jetpack_publicize_message":"","jetpack_publicize_feature_enabled":true,"jetpack_social_post_already_shared":true,"jetpack_social_options":{"image_generator_settings":{"template":"highway","default_image_id":0,"font":"","enabled":false},"version":2},"_wpas_customize_per_network":false},"product_brand":[],"product_cat":[1372347,1372518],"product_tag":[1372415,1372408,1372407,1372391],"class_list":{"0":"post-2990","1":"product","2":"type-product","3":"status-publish","4":"has-post-thumbnail","6":"product_cat-bags","7":"product_cat-table-setting","8":"product_tag-ankare","9":"product_tag-batliv","10":"product_tag-skargardsliv","11":"product_tag-swedish-lighthouse","12":"product_shipping_class-sv-a","14":"first","15":"instock","16":"taxable","17":"shipping-taxable","18":"purchasable","19":"product-type-variable"},"exclude_global_add_ons":[],"addons":[],"jetpack_publicize_connections":[],"jetpack_likes_enabled":true,"jetpack_sharing_enabled":true,"_links":{"self":[{"href":"https:\/\/sveilisdesign.com\/index.php?rest_route=\/wp\/v2\/product\/2990","targetHints":{"allow":["GET"]}}],"collection":[{"href":"https:\/\/sveilisdesign.com\/index.php?rest_route=\/wp\/v2\/product"}],"about":[{"href":"https:\/\/sveilisdesign.com\/index.php?rest_route=\/wp\/v2\/types\/product"}],"wp:featuredmedia":[{"embeddable":true,"href":"https:\/\/sveilisdesign.com\/index.php?rest_route=\/wp\/v2\/media\/3011"}],"wp:attachment":[{"href":"https:\/\/sveilisdesign.com\/index.php?rest_route=%2Fwp%2Fv2%2Fmedia&parent=2990"}],"wp:term":[{"taxonomy":"product_brand","embeddable":true,"href":"https:\/\/sveilisdesign.com\/index.php?rest_route=%2Fwp%2Fv2%2Fproduct_brand&post=2990"},{"taxonomy":"product_cat","embeddable":true,"href":"https:\/\/sveilisdesign.com\/index.php?rest_route=%2Fwp%2Fv2%2Fproduct_cat&post=2990"},{"taxonomy":"product_tag","embeddable":true,"href":"https:\/\/sveilisdesign.com\/index.php?rest_route=%2Fwp%2Fv2%2Fproduct_tag&post=2990"}],"curies":[{"name":"wp","href":"https:\/\/api.w.org\/{rel}","templated":true}]}}