{"id":294,"date":"2022-02-08T17:04:00","date_gmt":"2022-02-08T16:04:00","guid":{"rendered":"https:\/\/sveilisdesign.com\/?post_type=product&#038;p=294"},"modified":"2024-12-02T22:28:08","modified_gmt":"2024-12-02T21:28:08","slug":"velvet-delux-pillow-case-kuddfodral","status":"publish","type":"product","link":"https:\/\/sveilisdesign.com\/?product=velvet-delux-pillow-case-kuddfodral","title":{"rendered":"Velvet Delux: Pillow case\/ Kuddfodral"},"content":{"rendered":"<p>100% PES, 340 gr\/m2<br \/>\nMartindale: 30000<br \/>\nEuropean manufactured fabric<br \/>\nPillow case made by Kajsa Sveilis, Norrk\u00f6ping, Sweden.<br \/>\n<a href=\"https:\/\/www.bbfabrics.com\/files\/certificate-bb-fabrics-en.pdf\">Oeko-tex Standard 100 Product class II<\/a><\/p>\n","protected":false},"excerpt":{"rendered":"<p>A lovely luxurious velvet pillow with a wonderful luster that at the same time is incredibly durable. Easy-care fabric that can be machine washed.<\/p>\n<p>En ljuvligt lyxig sammetskudde med h\u00e4rligt lyster som samtidigt \u00e4r otroligt slitstark. L\u00e4ttsk\u00f6tt tyg som t\u00e5l maskintv\u00e4tt.<\/p>\n","protected":false},"featured_media":299,"template":"","meta":{"_crdt_document":"","advanced_seo_description":"","jetpack_seo_html_title":"","jetpack_seo_noindex":false,"jetpack_publicize_message":"","jetpack_publicize_feature_enabled":true,"jetpack_social_post_already_shared":true,"jetpack_social_options":{"image_generator_settings":{"template":"highway","default_image_id":0,"font":"","enabled":false},"version":2},"_wpas_customize_per_network":false},"product_brand":[],"product_cat":[1372381],"product_tag":[1372408,1372401,1372407,1372391],"class_list":{"0":"post-294","1":"product","2":"type-product","3":"status-publish","4":"has-post-thumbnail","6":"product_cat-pillow-kudde","7":"product_tag-batliv","8":"product_tag-fisk","9":"product_tag-skargardsliv","10":"product_tag-swedish-lighthouse","11":"product_shipping_class-sv-a","13":"first","14":"instock","15":"taxable","16":"shipping-taxable","17":"purchasable","18":"product-type-variable"},"exclude_global_add_ons":[],"addons":[],"jetpack_publicize_connections":[],"jetpack_likes_enabled":true,"jetpack_sharing_enabled":true,"_links":{"self":[{"href":"https:\/\/sveilisdesign.com\/index.php?rest_route=\/wp\/v2\/product\/294","targetHints":{"allow":["GET"]}}],"collection":[{"href":"https:\/\/sveilisdesign.com\/index.php?rest_route=\/wp\/v2\/product"}],"about":[{"href":"https:\/\/sveilisdesign.com\/index.php?rest_route=\/wp\/v2\/types\/product"}],"wp:featuredmedia":[{"embeddable":true,"href":"https:\/\/sveilisdesign.com\/index.php?rest_route=\/wp\/v2\/media\/299"}],"wp:attachment":[{"href":"https:\/\/sveilisdesign.com\/index.php?rest_route=%2Fwp%2Fv2%2Fmedia&parent=294"}],"wp:term":[{"taxonomy":"product_brand","embeddable":true,"href":"https:\/\/sveilisdesign.com\/index.php?rest_route=%2Fwp%2Fv2%2Fproduct_brand&post=294"},{"taxonomy":"product_cat","embeddable":true,"href":"https:\/\/sveilisdesign.com\/index.php?rest_route=%2Fwp%2Fv2%2Fproduct_cat&post=294"},{"taxonomy":"product_tag","embeddable":true,"href":"https:\/\/sveilisdesign.com\/index.php?rest_route=%2Fwp%2Fv2%2Fproduct_tag&post=294"}],"curies":[{"name":"wp","href":"https:\/\/api.w.org\/{rel}","templated":true}]}}