{"id":2877,"date":"2022-02-28T09:56:53","date_gmt":"2022-02-28T08:56:53","guid":{"rendered":"https:\/\/sveilisdesign.com\/?post_type=product&#038;p=2877"},"modified":"2025-01-03T09:38:35","modified_gmt":"2025-01-03T08:38:35","slug":"stockholm-royal-ljuslykta-candle-box","status":"publish","type":"product","link":"https:\/\/sveilisdesign.com\/?product=stockholm-royal-ljuslykta-candle-box","title":{"rendered":"Stockholm Royal ljuslykta \/ candle box"},"content":{"rendered":"<p>Candle box dimensions: 8x8cm base, height 10cm, weight 225g.<\/p>\n","protected":false},"excerpt":{"rendered":"<div>\n<div>\n<h3>T\u00e4nd ett ljus f\u00f6r Din ort! \/ Light a candle for Your city!<\/h3>\n<\/div>\n<p>Laserskuren lykta med silhuettmotiv som ger de mest fantastiska skuggeffekter. Ljuslyktan rymmer upp till 3 sm\u00e5 v\u00e4rmeljus alternativt ett stort v\u00e4rmeljus. Skuggeffekterna blir b\u00e4ttre med st\u00f6rre ljusstyrka. Lyktorna \u00e4r pulverlackade f\u00f6r en t\u00e5lig och h\u00e5llbar yta. Just denna lykta har motiv fr\u00e5n Stockholm: Bl\u00e5 porten, paviljongen i Haga, Sveriges drottningkrona, ett slottslejon.<\/p>\n<\/div>\n<div>\n<div>\n<p><span lang=\"EN-US\">Laser cut candle box in powder coated metal with silhouette motives that, when lit, creates amazing shadows. The candle box holds up to 3 small tea lights or one large tea light. The shadow effects get better with greater brightness.\u00a0This candle box has motifs from Stockholm.<\/span><\/p>\n<\/div>\n<\/div>\n","protected":false},"featured_media":2881,"template":"","meta":{"_crdt_document":"","advanced_seo_description":"","jetpack_seo_html_title":"","jetpack_seo_noindex":false,"jetpack_publicize_message":"","jetpack_publicize_feature_enabled":true,"jetpack_social_post_already_shared":true,"jetpack_social_options":{"image_generator_settings":{"template":"highway","default_image_id":0,"font":"","enabled":false},"version":2},"_wpas_customize_per_network":false},"product_brand":[],"product_cat":[1372497],"product_tag":[1372502,1372554,1372396,1372508],"class_list":{"0":"post-2877","1":"product","2":"type-product","3":"status-publish","4":"has-post-thumbnail","6":"product_cat-svealand","7":"product_tag-candle-box","8":"product_tag-sodermanland","9":"product_tag-stadssilhuett","10":"product_tag-stockholm","11":"product_shipping_class-sv-b","13":"first","14":"instock","15":"taxable","16":"shipping-taxable","17":"purchasable","18":"product-type-variable"},"exclude_global_add_ons":[],"addons":[],"jetpack_publicize_connections":[],"jetpack_likes_enabled":true,"jetpack_sharing_enabled":true,"_links":{"self":[{"href":"https:\/\/sveilisdesign.com\/index.php?rest_route=\/wp\/v2\/product\/2877","targetHints":{"allow":["GET"]}}],"collection":[{"href":"https:\/\/sveilisdesign.com\/index.php?rest_route=\/wp\/v2\/product"}],"about":[{"href":"https:\/\/sveilisdesign.com\/index.php?rest_route=\/wp\/v2\/types\/product"}],"wp:featuredmedia":[{"embeddable":true,"href":"https:\/\/sveilisdesign.com\/index.php?rest_route=\/wp\/v2\/media\/2881"}],"wp:attachment":[{"href":"https:\/\/sveilisdesign.com\/index.php?rest_route=%2Fwp%2Fv2%2Fmedia&parent=2877"}],"wp:term":[{"taxonomy":"product_brand","embeddable":true,"href":"https:\/\/sveilisdesign.com\/index.php?rest_route=%2Fwp%2Fv2%2Fproduct_brand&post=2877"},{"taxonomy":"product_cat","embeddable":true,"href":"https:\/\/sveilisdesign.com\/index.php?rest_route=%2Fwp%2Fv2%2Fproduct_cat&post=2877"},{"taxonomy":"product_tag","embeddable":true,"href":"https:\/\/sveilisdesign.com\/index.php?rest_route=%2Fwp%2Fv2%2Fproduct_tag&post=2877"}],"curies":[{"name":"wp","href":"https:\/\/api.w.org\/{rel}","templated":true}]}}