{"id":2521,"date":"2022-02-26T13:06:28","date_gmt":"2022-02-26T12:06:28","guid":{"rendered":"https:\/\/sveilisdesign.com\/?post_type=product&#038;p=2521"},"modified":"2025-01-02T23:34:41","modified_gmt":"2025-01-02T22:34:41","slug":"stjarngosse-tandstickshallare-starboy-matchbox-holder","status":"publish","type":"product","link":"https:\/\/sveilisdesign.com\/?product=stjarngosse-tandstickshallare-starboy-matchbox-holder","title":{"rendered":"Stj\u00e4rngosse t\u00e4ndsticksh\u00e5llare \/Starboy matchbox holder"},"content":{"rendered":"<p>Dimensions: 21,7x7x18,8cm, Base: 17,2x7cm, 500g<\/p>\n","protected":false},"excerpt":{"rendered":"<p>Laserskuren h\u00e5llare f\u00f6r t\u00e4ndsticksask och v\u00e4rmeljusstake i pulverlackad metall med silhuettmotiv. Designade och tillverkade av Kurt Sveilis, i v\u00e5r verkstad i Norrk\u00f6ping.<\/p>\n<p>Laser cut matchstick box and tea candle holder in powder coated metal with silhouette motif. Designed and manufactured by Kurt Sveilis, in our workshop in Norrk\u00f6ping, Sweden.<\/p>\n<p>&nbsp;<\/p>\n","protected":false},"featured_media":2525,"template":"","meta":{"_crdt_document":"","advanced_seo_description":"","jetpack_seo_html_title":"","jetpack_seo_noindex":false,"jetpack_publicize_message":"","jetpack_publicize_feature_enabled":true,"jetpack_social_post_already_shared":true,"jetpack_social_options":{"image_generator_settings":{"template":"highway","default_image_id":0,"font":"","enabled":false},"version":2},"_wpas_customize_per_network":false},"product_brand":[],"product_cat":[1372742,1372526,1372488],"product_tag":[1372397],"class_list":{"0":"post-2521","1":"product","2":"type-product","3":"status-publish","4":"has-post-thumbnail","6":"product_cat-ljusstakar-candle-holders","7":"product_cat-matchbox-holders","8":"product_cat-tandstickshallare","9":"product_tag-jul","10":"product_shipping_class-sv-b","12":"first","13":"instock","14":"taxable","15":"shipping-taxable","16":"purchasable","17":"product-type-variable"},"exclude_global_add_ons":[],"addons":[],"jetpack_publicize_connections":[],"jetpack_likes_enabled":true,"jetpack_sharing_enabled":true,"_links":{"self":[{"href":"https:\/\/sveilisdesign.com\/index.php?rest_route=\/wp\/v2\/product\/2521","targetHints":{"allow":["GET"]}}],"collection":[{"href":"https:\/\/sveilisdesign.com\/index.php?rest_route=\/wp\/v2\/product"}],"about":[{"href":"https:\/\/sveilisdesign.com\/index.php?rest_route=\/wp\/v2\/types\/product"}],"wp:featuredmedia":[{"embeddable":true,"href":"https:\/\/sveilisdesign.com\/index.php?rest_route=\/wp\/v2\/media\/2525"}],"wp:attachment":[{"href":"https:\/\/sveilisdesign.com\/index.php?rest_route=%2Fwp%2Fv2%2Fmedia&parent=2521"}],"wp:term":[{"taxonomy":"product_brand","embeddable":true,"href":"https:\/\/sveilisdesign.com\/index.php?rest_route=%2Fwp%2Fv2%2Fproduct_brand&post=2521"},{"taxonomy":"product_cat","embeddable":true,"href":"https:\/\/sveilisdesign.com\/index.php?rest_route=%2Fwp%2Fv2%2Fproduct_cat&post=2521"},{"taxonomy":"product_tag","embeddable":true,"href":"https:\/\/sveilisdesign.com\/index.php?rest_route=%2Fwp%2Fv2%2Fproduct_tag&post=2521"}],"curies":[{"name":"wp","href":"https:\/\/api.w.org\/{rel}","templated":true}]}}