{"id":2470,"date":"2022-02-25T16:41:07","date_gmt":"2022-02-25T15:41:07","guid":{"rendered":"https:\/\/sveilisdesign.com\/?post_type=product&#038;p=2470"},"modified":"2026-01-04T11:46:33","modified_gmt":"2026-01-04T10:46:33","slug":"grytunderlagg-malmo","status":"publish","type":"product","link":"https:\/\/sveilisdesign.com\/?product=grytunderlagg-malmo","title":{"rendered":"Grytunderl\u00e4gg: Malm\u00f6"},"content":{"rendered":"<div>\n<div>\n<div>\n<p><span lang=\"EN-US\">Designed and manufactured by Kurt Sveilis, in our workshop in Norrk\u00f6ping, Sweden.<\/span><br \/>\n<span lang=\"EN-US\">Color: textured black<\/span><br \/>\n<span lang=\"EN-US\">Size: 19,5&#215;19,5&#215;0,6cm,<span class=\"apple-converted-space\">\u00a0<\/span>~450g<\/span><\/p>\n<\/div>\n<\/div>\n<\/div>\n","protected":false},"excerpt":{"rendered":"<div>\n<p>Laserskuret och pulverlackat grytunderl\u00e4gg som st\u00e5r p\u00e5 3mm h\u00f6ga f\u00f6tter (v\u00e4rmet\u00e5lig och isolerande polyuretan), en i varje h\u00f6rn.<\/p>\n<\/div>\n<div>\n<p><span lang=\"EN-US\">Laser cut and powder coated trivet that stands on 3mm high isolating feet (heat resistant polyurethane), one in each corner.\u00a0<\/span><\/p>\n<\/div>\n","protected":false},"featured_media":2467,"template":"","meta":{"_crdt_document":"","advanced_seo_description":"","jetpack_seo_html_title":"","jetpack_seo_noindex":false,"jetpack_publicize_message":"","jetpack_publicize_feature_enabled":true,"jetpack_social_post_already_shared":true,"jetpack_social_options":{"image_generator_settings":{"template":"highway","default_image_id":0,"font":"","enabled":false},"version":2},"_wpas_customize_per_network":false},"product_brand":[],"product_cat":[1372487],"product_tag":[1372558],"class_list":{"0":"post-2470","1":"product","2":"type-product","3":"status-publish","4":"has-post-thumbnail","6":"product_cat-grytunderlagg","7":"product_tag-skane","8":"product_shipping_class-sv-b","10":"first","11":"instock","12":"taxable","13":"shipping-taxable","14":"purchasable","15":"product-type-simple"},"exclude_global_add_ons":[],"addons":[],"jetpack_publicize_connections":[],"jetpack_likes_enabled":true,"jetpack_sharing_enabled":true,"_links":{"self":[{"href":"https:\/\/sveilisdesign.com\/index.php?rest_route=\/wp\/v2\/product\/2470","targetHints":{"allow":["GET"]}}],"collection":[{"href":"https:\/\/sveilisdesign.com\/index.php?rest_route=\/wp\/v2\/product"}],"about":[{"href":"https:\/\/sveilisdesign.com\/index.php?rest_route=\/wp\/v2\/types\/product"}],"wp:featuredmedia":[{"embeddable":true,"href":"https:\/\/sveilisdesign.com\/index.php?rest_route=\/wp\/v2\/media\/2467"}],"wp:attachment":[{"href":"https:\/\/sveilisdesign.com\/index.php?rest_route=%2Fwp%2Fv2%2Fmedia&parent=2470"}],"wp:term":[{"taxonomy":"product_brand","embeddable":true,"href":"https:\/\/sveilisdesign.com\/index.php?rest_route=%2Fwp%2Fv2%2Fproduct_brand&post=2470"},{"taxonomy":"product_cat","embeddable":true,"href":"https:\/\/sveilisdesign.com\/index.php?rest_route=%2Fwp%2Fv2%2Fproduct_cat&post=2470"},{"taxonomy":"product_tag","embeddable":true,"href":"https:\/\/sveilisdesign.com\/index.php?rest_route=%2Fwp%2Fv2%2Fproduct_tag&post=2470"}],"curies":[{"name":"wp","href":"https:\/\/api.w.org\/{rel}","templated":true}]}}