{"id":2143,"date":"2022-02-23T12:34:01","date_gmt":"2022-02-23T11:34:01","guid":{"rendered":"https:\/\/sveilisdesign.com\/?post_type=product&#038;p=2143"},"modified":"2024-11-09T14:48:32","modified_gmt":"2024-11-09T13:48:32","slug":"finnjolle-modellbat","status":"publish","type":"product","link":"https:\/\/sveilisdesign.com\/?product=finnjolle-modellbat","title":{"rendered":"Finnjolle &#8211; modellb\u00e5t"},"content":{"rendered":"<p>Bas: 14x5cm, h\u00f6jd: 18,5cm<\/p>\n<p>&nbsp;<\/p>\n","protected":false},"excerpt":{"rendered":"<p class=\"has-medium-font-size\">En handgjord modellb\u00e5t tillverkad av Jan (Sigvard) Afzelius i Hullaryd. Tillg\u00e5ngen p\u00e5 dessa modeller \u00e4r begr\u00e4nsad, s\u00e5 f\u00f6rst till kvarn g\u00e4ller!\u00a0<em>Optimistjollarna och Snipe\u00a0<\/em>\u00e4r redan sluts\u00e5lda.<\/p>\n<p><em><strong>Finnjolle\u00a0<\/strong>\u00e4r en enmansjolle\u00a0med ett\u00a0storsegel.\u00a0Finnjollen har\u00a0OS-status. B\u00e5ten anses vara fysiskt kr\u00e4vande d\u00e5 seglaren b\u00f6r v\u00e4ga n\u00e4rmare 100 kg och vara 190 cm l\u00e5ng. Rikard Sarby fr\u00e5n\u00a0Uppsala\u00a0konstruerade b\u00e5ten. F\u00f6rsta Finnjollen byggdes\u00a01949\u00a0och vann en konstruktionst\u00e4vling utlyst av finska seglarf\u00f6rbundet inf\u00f6r de\u00a0olympiska sommarspelen 1952 i Helsingfors.\u00a0Namnet\u00a0Finnjolle\u00a0kommer av att den deltog f\u00f6rsta g\u00e5ngen i Finland, vid OS i Helsingfors 1952. Finnjollen ersatte d\u00e5 Firefly.\u00a0<\/em><\/p>\n<p>L\u00e4s mer h\u00e4r:\u00a0<a href=\"https:\/\/sveilisdesign.com\/?p=1700\">Handgjorda modeller av omtyckta segeljollar.\u00a0<\/a><\/p>\n","protected":false},"featured_media":2137,"template":"","meta":{"_crdt_document":"","advanced_seo_description":"","jetpack_seo_html_title":"","jetpack_seo_noindex":false,"jetpack_publicize_message":"","jetpack_publicize_feature_enabled":true,"jetpack_social_post_already_shared":true,"jetpack_social_options":{"image_generator_settings":{"template":"highway","default_image_id":0,"font":"","enabled":false},"version":2},"_wpas_customize_per_network":false},"product_brand":[],"product_cat":[1372513],"product_tag":[1372408,1372598,1372406,1372407],"class_list":{"0":"post-2143","1":"product","2":"type-product","3":"status-publish","4":"has-post-thumbnail","6":"product_cat-model-boats","7":"product_tag-batliv","8":"product_tag-segelbat","9":"product_tag-seglare","10":"product_tag-skargardsliv","12":"first","13":"instock","14":"taxable","15":"shipping-taxable","16":"purchasable","17":"product-type-simple"},"exclude_global_add_ons":[],"addons":[],"jetpack_publicize_connections":[],"jetpack_likes_enabled":true,"jetpack_sharing_enabled":true,"_links":{"self":[{"href":"https:\/\/sveilisdesign.com\/index.php?rest_route=\/wp\/v2\/product\/2143","targetHints":{"allow":["GET"]}}],"collection":[{"href":"https:\/\/sveilisdesign.com\/index.php?rest_route=\/wp\/v2\/product"}],"about":[{"href":"https:\/\/sveilisdesign.com\/index.php?rest_route=\/wp\/v2\/types\/product"}],"wp:featuredmedia":[{"embeddable":true,"href":"https:\/\/sveilisdesign.com\/index.php?rest_route=\/wp\/v2\/media\/2137"}],"wp:attachment":[{"href":"https:\/\/sveilisdesign.com\/index.php?rest_route=%2Fwp%2Fv2%2Fmedia&parent=2143"}],"wp:term":[{"taxonomy":"product_brand","embeddable":true,"href":"https:\/\/sveilisdesign.com\/index.php?rest_route=%2Fwp%2Fv2%2Fproduct_brand&post=2143"},{"taxonomy":"product_cat","embeddable":true,"href":"https:\/\/sveilisdesign.com\/index.php?rest_route=%2Fwp%2Fv2%2Fproduct_cat&post=2143"},{"taxonomy":"product_tag","embeddable":true,"href":"https:\/\/sveilisdesign.com\/index.php?rest_route=%2Fwp%2Fv2%2Fproduct_tag&post=2143"}],"curies":[{"name":"wp","href":"https:\/\/api.w.org\/{rel}","templated":true}]}}