{"id":2136,"date":"2022-02-23T12:32:22","date_gmt":"2022-02-23T11:32:22","guid":{"rendered":"https:\/\/sveilisdesign.com\/?post_type=product&#038;p=2136"},"modified":"2022-02-23T12:33:52","modified_gmt":"2022-02-23T11:33:52","slug":"c-kanot-modellbat","status":"publish","type":"product","link":"https:\/\/sveilisdesign.com\/?product=c-kanot-modellbat","title":{"rendered":"C-kanot &#8211; modellb\u00e5t"},"content":{"rendered":"<p>Bas: 18x6cm, h\u00f6jd: 17,5cm<\/p>\n<p>&nbsp;<\/p>\n","protected":false},"excerpt":{"rendered":"<p class=\"has-medium-font-size\">En handgjord modellb\u00e5t tillverkad av Jan (Sigvard) Afzelius i Hullaryd. Tillg\u00e5ngen p\u00e5 dessa modeller \u00e4r begr\u00e4nsad, s\u00e5 f\u00f6rst till kvarn g\u00e4ller!\u00a0<em>Optimistjollarna och Snipe\u00a0<\/em>\u00e4r redan sluts\u00e5lda.<\/p>\n<p><em><strong>C-kanot\u00a0<\/strong>\u00a0\u00e4r en segelkanot (Klass IV): st\u00f6rsta l\u00e4ngd 5,20 m, st\u00f6rsta bredd minst 1,30 m (utan begr\u00e4nsning upp\u00e5t) samt 10 kvm segelyta, f\u00f6rdelad p\u00e5 tv\u00e5 segel, av vilka det st\u00f6rsta, m\u00e4tande maximum 7 kvm, f\u00f6res fr\u00e4mst. Bordl\u00e4ggning och d\u00e4ck skola vara av inhemskt tr\u00e4slag samt dukkl\u00e4dda. Centerbord och roderpl\u00e5t skola vara av j\u00e4rn. Kr\u00f6kta rundhult ej till\u00e5tna. Segelh\u00f6jden f\u00e5r ej \u00f6verstiga 5,30 m. Kanotsegling \u00e4r som segling betraktad n\u00e5got speciellt. De verkliga kanoterna \u00e4ro n\u00e4mligen obarlastade, och rorsmannen \u00e4r s\u00e5ledes den levande barlast som genom sin r\u00f6relse tv\u00e4rskepps uppv\u00e4ger seglens kr\u00e4ngande verkan. Ju mindre, smalare och l\u00e4ttare kanoten \u00e4r, desto kraftigare verkar denna levande barlast.<\/em><\/p>\n<p>L\u00e4s mer h\u00e4r:\u00a0<a href=\"https:\/\/sveilisdesign.com\/?p=1700\">Handgjorda modeller av omtyckta segeljollar.\u00a0<\/a><\/p>\n","protected":false},"featured_media":2138,"template":"","meta":{"_crdt_document":"","advanced_seo_description":"","jetpack_seo_html_title":"","jetpack_seo_noindex":false,"jetpack_publicize_message":"","jetpack_publicize_feature_enabled":true,"jetpack_social_post_already_shared":true,"jetpack_social_options":{"image_generator_settings":{"template":"highway","default_image_id":0,"font":"","enabled":false},"version":2},"_wpas_customize_per_network":false},"product_brand":[],"product_cat":[1372513],"product_tag":[1372408,1372598,1372406,1372407],"class_list":{"0":"post-2136","1":"product","2":"type-product","3":"status-publish","4":"has-post-thumbnail","6":"product_cat-model-boats","7":"product_tag-batliv","8":"product_tag-segelbat","9":"product_tag-seglare","10":"product_tag-skargardsliv","12":"first","13":"instock","14":"taxable","15":"shipping-taxable","16":"purchasable","17":"product-type-simple"},"exclude_global_add_ons":[],"addons":[],"jetpack_publicize_connections":[],"jetpack_likes_enabled":true,"jetpack_sharing_enabled":true,"_links":{"self":[{"href":"https:\/\/sveilisdesign.com\/index.php?rest_route=\/wp\/v2\/product\/2136","targetHints":{"allow":["GET"]}}],"collection":[{"href":"https:\/\/sveilisdesign.com\/index.php?rest_route=\/wp\/v2\/product"}],"about":[{"href":"https:\/\/sveilisdesign.com\/index.php?rest_route=\/wp\/v2\/types\/product"}],"wp:featuredmedia":[{"embeddable":true,"href":"https:\/\/sveilisdesign.com\/index.php?rest_route=\/wp\/v2\/media\/2138"}],"wp:attachment":[{"href":"https:\/\/sveilisdesign.com\/index.php?rest_route=%2Fwp%2Fv2%2Fmedia&parent=2136"}],"wp:term":[{"taxonomy":"product_brand","embeddable":true,"href":"https:\/\/sveilisdesign.com\/index.php?rest_route=%2Fwp%2Fv2%2Fproduct_brand&post=2136"},{"taxonomy":"product_cat","embeddable":true,"href":"https:\/\/sveilisdesign.com\/index.php?rest_route=%2Fwp%2Fv2%2Fproduct_cat&post=2136"},{"taxonomy":"product_tag","embeddable":true,"href":"https:\/\/sveilisdesign.com\/index.php?rest_route=%2Fwp%2Fv2%2Fproduct_tag&post=2136"}],"curies":[{"name":"wp","href":"https:\/\/api.w.org\/{rel}","templated":true}]}}