{"id":2122,"date":"2022-02-23T00:41:26","date_gmt":"2022-02-22T23:41:26","guid":{"rendered":"https:\/\/sveilisdesign.com\/?post_type=product&#038;p=2122"},"modified":"2025-01-03T11:08:20","modified_gmt":"2025-01-03T10:08:20","slug":"bandana-with-anchors","status":"publish","type":"product","link":"https:\/\/sveilisdesign.com\/?product=bandana-with-anchors","title":{"rendered":"Bandana with anchors, 3 col."},"content":{"rendered":"<p>Bomullspoplin (100% CO 115g\/m2)<br \/>\n55x55cm<\/p>\n","protected":false},"excerpt":{"rendered":"<p>En h\u00e4rligt mjuk och sk\u00f6n bandana \/ snusn\u00e4sduk, i tunn bomullspoplin. Praktisk och snygg, kan varieras n\u00e4stan i det o\u00e4ndliga.<\/p>\n","protected":false},"featured_media":2129,"template":"","meta":{"_crdt_document":"","advanced_seo_description":"","jetpack_seo_html_title":"","jetpack_seo_noindex":false,"jetpack_post_was_ever_published":false,"jetpack_publicize_message":"","jetpack_publicize_feature_enabled":true,"jetpack_social_post_already_shared":true,"jetpack_social_options":{"image_generator_settings":{"template":"highway","default_image_id":0,"font":"","enabled":false},"version":2},"_wpas_customize_per_network":false},"product_brand":[],"product_cat":[1372352],"product_tag":[1372415,1372408],"class_list":{"0":"post-2122","1":"product","2":"type-product","3":"status-publish","4":"has-post-thumbnail","6":"product_cat-bandanas","7":"product_tag-ankare","8":"product_tag-batliv","9":"product_shipping_class-sv-a","11":"first","12":"instock","13":"taxable","14":"shipping-taxable","15":"purchasable","16":"product-type-variable"},"exclude_global_add_ons":[],"addons":[],"jetpack_publicize_connections":[],"jetpack_likes_enabled":true,"jetpack_sharing_enabled":true,"_links":{"self":[{"href":"https:\/\/sveilisdesign.com\/index.php?rest_route=\/wp\/v2\/product\/2122","targetHints":{"allow":["GET"]}}],"collection":[{"href":"https:\/\/sveilisdesign.com\/index.php?rest_route=\/wp\/v2\/product"}],"about":[{"href":"https:\/\/sveilisdesign.com\/index.php?rest_route=\/wp\/v2\/types\/product"}],"wp:featuredmedia":[{"embeddable":true,"href":"https:\/\/sveilisdesign.com\/index.php?rest_route=\/wp\/v2\/media\/2129"}],"wp:attachment":[{"href":"https:\/\/sveilisdesign.com\/index.php?rest_route=%2Fwp%2Fv2%2Fmedia&parent=2122"}],"wp:term":[{"taxonomy":"product_brand","embeddable":true,"href":"https:\/\/sveilisdesign.com\/index.php?rest_route=%2Fwp%2Fv2%2Fproduct_brand&post=2122"},{"taxonomy":"product_cat","embeddable":true,"href":"https:\/\/sveilisdesign.com\/index.php?rest_route=%2Fwp%2Fv2%2Fproduct_cat&post=2122"},{"taxonomy":"product_tag","embeddable":true,"href":"https:\/\/sveilisdesign.com\/index.php?rest_route=%2Fwp%2Fv2%2Fproduct_tag&post=2122"}],"curies":[{"name":"wp","href":"https:\/\/api.w.org\/{rel}","templated":true}]}}