{"id":1998,"date":"2022-02-22T21:35:17","date_gmt":"2022-02-22T20:35:17","guid":{"rendered":"https:\/\/sveilisdesign.com\/?post_type=product&#038;p=1998"},"modified":"2025-01-03T01:03:32","modified_gmt":"2025-01-03T00:03:32","slug":"gota-kanal-vast-ljuslykta-candle-box","status":"publish","type":"product","link":"https:\/\/sveilisdesign.com\/?product=gota-kanal-vast-ljuslykta-candle-box","title":{"rendered":"G\u00f6ta kanal V\u00e4st ljuslykta \/ candle box"},"content":{"rendered":"<p>Candle box dimensions: 8x8cm base, height 10cm, weight 225g.<\/p>\n<p>Den h\u00e4r lyktan s\u00e4ljs av:<br \/>\nSail In, Hamnplan 1, Forsvik<\/p>\n<div>\n<p>&nbsp;<\/p>\n<\/div>\n","protected":false},"excerpt":{"rendered":"<div>\n<div>\n<h3>T\u00e4nd ett ljus f\u00f6r Din ort! \/ Light a candle for Your city!<\/h3>\n<\/div>\n<p>Laserskuren lykta med silhuettmotiv som ger de mest fantastiska skuggeffekter. Ljuslyktan rymmer upp till 3 sm\u00e5 v\u00e4rmeljus alternativt ett stort v\u00e4rmeljus. Skuggeffekterna blir b\u00e4ttre med st\u00f6rre ljusstyrka. Lyktorna \u00e4r pulverlackade f\u00f6r en t\u00e5lig och h\u00e5llbar yta. Just denna lykta har motiv fr\u00e5n G\u00f6ta kanal v\u00e4stra sidan:\u00a0G\u00f6tiska valvet, M\/S Juno, Sj\u00f6torp, Forsviks bruk<\/p>\n<\/div>\n<div>\n<div>\n<p><span lang=\"EN-US\">Laser cut candle box in powder coated metal with silhouette motives that, when lit, creates amazing shadows. The candle box holds up to 3 small tea lights or one large tea light. The shadow effects get better with greater brightness.\u00a0This candle box has motifs from The G\u00f6ta channel Weast side.<\/span><\/p>\n<\/div>\n<\/div>\n","protected":false},"featured_media":2001,"template":"","meta":{"_crdt_document":"","advanced_seo_description":"","jetpack_seo_html_title":"","jetpack_seo_noindex":false,"jetpack_publicize_message":"","jetpack_publicize_feature_enabled":true,"jetpack_social_post_already_shared":true,"jetpack_social_options":{"image_generator_settings":{"template":"highway","default_image_id":0,"font":"","enabled":false},"version":2},"_wpas_customize_per_network":false},"product_brand":[],"product_cat":[1372515,1372498],"product_tag":[1372502,1372396,1372564],"class_list":{"0":"post-1998","1":"product","2":"type-product","3":"status-publish","4":"has-post-thumbnail","6":"product_cat-ljusstakar","7":"product_cat-gotaland","8":"product_tag-candle-box","9":"product_tag-stadssilhuett","10":"product_tag-vastergotland","11":"product_shipping_class-sv-b","13":"first","14":"instock","15":"taxable","16":"shipping-taxable","17":"purchasable","18":"product-type-variable"},"exclude_global_add_ons":[],"addons":[],"jetpack_publicize_connections":[],"jetpack_likes_enabled":true,"jetpack_sharing_enabled":true,"_links":{"self":[{"href":"https:\/\/sveilisdesign.com\/index.php?rest_route=\/wp\/v2\/product\/1998","targetHints":{"allow":["GET"]}}],"collection":[{"href":"https:\/\/sveilisdesign.com\/index.php?rest_route=\/wp\/v2\/product"}],"about":[{"href":"https:\/\/sveilisdesign.com\/index.php?rest_route=\/wp\/v2\/types\/product"}],"wp:featuredmedia":[{"embeddable":true,"href":"https:\/\/sveilisdesign.com\/index.php?rest_route=\/wp\/v2\/media\/2001"}],"wp:attachment":[{"href":"https:\/\/sveilisdesign.com\/index.php?rest_route=%2Fwp%2Fv2%2Fmedia&parent=1998"}],"wp:term":[{"taxonomy":"product_brand","embeddable":true,"href":"https:\/\/sveilisdesign.com\/index.php?rest_route=%2Fwp%2Fv2%2Fproduct_brand&post=1998"},{"taxonomy":"product_cat","embeddable":true,"href":"https:\/\/sveilisdesign.com\/index.php?rest_route=%2Fwp%2Fv2%2Fproduct_cat&post=1998"},{"taxonomy":"product_tag","embeddable":true,"href":"https:\/\/sveilisdesign.com\/index.php?rest_route=%2Fwp%2Fv2%2Fproduct_tag&post=1998"}],"curies":[{"name":"wp","href":"https:\/\/api.w.org\/{rel}","templated":true}]}}