{"id":1927,"date":"2022-02-22T16:19:43","date_gmt":"2022-02-22T15:19:43","guid":{"rendered":"https:\/\/sveilisdesign.com\/?post_type=product&#038;p=1927"},"modified":"2025-01-03T01:09:40","modified_gmt":"2025-01-03T00:09:40","slug":"arkosund-ljuslykta-candle-box","status":"publish","type":"product","link":"https:\/\/sveilisdesign.com\/?product=arkosund-ljuslykta-candle-box","title":{"rendered":"Ark\u00f6sund ljuslykta \/ candle box"},"content":{"rendered":"<p>Candle box dimensions: 8x8cm base, height 10cm, weight 225g.<\/p>\n<div>\n<p>Den h\u00e4r lyktan s\u00e4ljs av:<br \/>\nSwedish Lighthouse, F\u00f6rs\u00e4ljningsbodarna, Ark\u00f6sund<\/p>\n<\/div>\n","protected":false},"excerpt":{"rendered":"<div>\n<div>\n<h3>T\u00e4nd ett ljus f\u00f6r Din ort! \/ Light a candle for Your city!<\/h3>\n<\/div>\n<p>Laserskuren lykta med silhuettmotiv som ger de mest fantastiska skuggeffekter. Ljuslyktan rymmer upp till 3 sm\u00e5 v\u00e4rmeljus alternativt ett stort v\u00e4rmeljus. Skuggeffekterna blir b\u00e4ttre med st\u00f6rre ljusstyrka. Lyktorna \u00e4r pulverlackade f\u00f6r en t\u00e5lig och h\u00e5llbar yta. Just denna lykta har motiv fr\u00e5n Ark\u00f6sund:\u00a0Ark\u00f6 med Ark\u00f6 B\u00e5k och Ark\u00f6 Visk\u00e4rs fyr, &#8220;Kugge&#8221; fyren p\u00e5 Kuggviks sk\u00e4r och Kejsaren, Hotellet med stockankare, Norrk\u00f6pings Segls\u00e4llskap med standard,<\/p>\n<\/div>\n<div>\n<div>\n<p><span lang=\"EN-US\">Laser cut candle box in powder coated metal with silhouette motives that, when lit, creates amazing shadows. The candle box holds up to 3 small tea lights or one large tea light. The shadow effects get better with greater brightness.\u00a0This candle box has motifs from Ark\u00f6sund.<\/span><\/p>\n<\/div>\n<\/div>\n","protected":false},"featured_media":1933,"template":"","meta":{"_crdt_document":"","advanced_seo_description":"","jetpack_seo_html_title":"","jetpack_seo_noindex":false,"jetpack_publicize_message":"","jetpack_publicize_feature_enabled":true,"jetpack_social_post_already_shared":true,"jetpack_social_options":{"image_generator_settings":{"template":"highway","default_image_id":0,"font":"","enabled":false},"version":2},"_wpas_customize_per_network":false},"product_brand":[],"product_cat":[1372515,1372498],"product_tag":[1372555,1372719,1372502,1372402,1372406,1372407,1372396],"class_list":{"0":"post-1927","1":"product","2":"type-product","3":"status-publish","4":"has-post-thumbnail","6":"product_cat-ljusstakar","7":"product_cat-gotaland","8":"product_tag-ostergotland","9":"product_tag-bla-kusten","10":"product_tag-candle-box","11":"product_tag-fyr","12":"product_tag-seglare","13":"product_tag-skargardsliv","14":"product_tag-stadssilhuett","15":"product_shipping_class-sv-b","17":"first","18":"instock","19":"taxable","20":"shipping-taxable","21":"purchasable","22":"product-type-variable"},"exclude_global_add_ons":[],"addons":[],"jetpack_publicize_connections":[],"jetpack_likes_enabled":true,"jetpack_sharing_enabled":true,"_links":{"self":[{"href":"https:\/\/sveilisdesign.com\/index.php?rest_route=\/wp\/v2\/product\/1927","targetHints":{"allow":["GET"]}}],"collection":[{"href":"https:\/\/sveilisdesign.com\/index.php?rest_route=\/wp\/v2\/product"}],"about":[{"href":"https:\/\/sveilisdesign.com\/index.php?rest_route=\/wp\/v2\/types\/product"}],"wp:featuredmedia":[{"embeddable":true,"href":"https:\/\/sveilisdesign.com\/index.php?rest_route=\/wp\/v2\/media\/1933"}],"wp:attachment":[{"href":"https:\/\/sveilisdesign.com\/index.php?rest_route=%2Fwp%2Fv2%2Fmedia&parent=1927"}],"wp:term":[{"taxonomy":"product_brand","embeddable":true,"href":"https:\/\/sveilisdesign.com\/index.php?rest_route=%2Fwp%2Fv2%2Fproduct_brand&post=1927"},{"taxonomy":"product_cat","embeddable":true,"href":"https:\/\/sveilisdesign.com\/index.php?rest_route=%2Fwp%2Fv2%2Fproduct_cat&post=1927"},{"taxonomy":"product_tag","embeddable":true,"href":"https:\/\/sveilisdesign.com\/index.php?rest_route=%2Fwp%2Fv2%2Fproduct_tag&post=1927"}],"curies":[{"name":"wp","href":"https:\/\/api.w.org\/{rel}","templated":true}]}}