{"id":1179,"date":"2022-02-13T22:33:35","date_gmt":"2022-02-13T21:33:35","guid":{"rendered":"https:\/\/sveilisdesign.com\/?post_type=product&#038;p=1179"},"modified":"2025-01-03T00:57:35","modified_gmt":"2025-01-02T23:57:35","slug":"umea-ljuslykta-candle-box","status":"publish","type":"product","link":"https:\/\/sveilisdesign.com\/?product=umea-ljuslykta-candle-box","title":{"rendered":"Ume\u00e5 ljuslykta \/ candle box"},"content":{"rendered":"<p>Each candle box is labeled <em>Made in Sweden<\/em> and individually packed in a transparent box (PVC).<\/p>\n<p>Candle box dimensions: 8x8cm base, height 10cm, weight 225g.<\/p>\n<div>\n<p>Denna lykta s\u00e4ljs av:<br \/>\nMia\u00b4s Lustg\u00e5rd \/ Lars G \u00c4hlstr\u00f6ms Blommor AB, R\u00e5dhusesplanaden 5, Ume\u00e5<\/p>\n<\/div>\n","protected":false},"excerpt":{"rendered":"<div>\n<h3>T\u00e4nd ett ljus f\u00f6r Din ort! \/ Light a candle for Your city!<\/h3>\n<p>Laserskuren lykta med silhuettmotiv som ger de mest fantastiska skuggeffekter. Ljuslyktan rymmer upp till 3 sm\u00e5 v\u00e4rmeljus alternativt ett stort v\u00e4rmeljus. Skuggeffekterna blir b\u00e4ttre med st\u00f6rre ljusstyrka. Lyktorna \u00e4r pulverlackade f\u00f6r en t\u00e5lig och h\u00e5llbar yta. Just denna lykta har motiv fr\u00e5n Ume\u00e5 best\u00e5ende av: R\u00e5dhuset, leende hj\u00e4rta, bj\u00f6rkar, campus och kl\u00e4dnypa<\/p>\n<\/div>\n<div>\n<p><span lang=\"EN-US\">Laser cut candle box in powder coated metal with silhouette motives that, when lit, creates amazing shadows. The candle box holds up to 3 small tea lights or one large tea light. The shadow effects get better with greater brightness.\u00a0<\/span>This candle box has motifs from Ume\u00e5: The city hall, The Smiling Heart, birch trees, campus and The Clothespin<\/p>\n<\/div>\n","protected":false},"featured_media":1182,"template":"","meta":{"_crdt_document":"","advanced_seo_description":"","jetpack_seo_html_title":"","jetpack_seo_noindex":false,"jetpack_publicize_message":"","jetpack_publicize_feature_enabled":true,"jetpack_social_post_already_shared":true,"jetpack_social_options":{"image_generator_settings":{"template":"highway","default_image_id":0,"font":"","enabled":false},"version":2},"_wpas_customize_per_network":false},"product_brand":[],"product_cat":[1372496],"product_tag":[1372502,1372396,1372546],"class_list":{"0":"post-1179","1":"product","2":"type-product","3":"status-publish","4":"has-post-thumbnail","6":"product_cat-norrland","7":"product_tag-candle-box","8":"product_tag-stadssilhuett","9":"product_tag-vasterbotten","10":"product_shipping_class-sv-b","12":"first","13":"instock","14":"taxable","15":"shipping-taxable","16":"purchasable","17":"product-type-variable"},"exclude_global_add_ons":[],"addons":[],"jetpack_publicize_connections":[],"jetpack_likes_enabled":true,"jetpack_sharing_enabled":true,"_links":{"self":[{"href":"https:\/\/sveilisdesign.com\/index.php?rest_route=\/wp\/v2\/product\/1179","targetHints":{"allow":["GET"]}}],"collection":[{"href":"https:\/\/sveilisdesign.com\/index.php?rest_route=\/wp\/v2\/product"}],"about":[{"href":"https:\/\/sveilisdesign.com\/index.php?rest_route=\/wp\/v2\/types\/product"}],"wp:featuredmedia":[{"embeddable":true,"href":"https:\/\/sveilisdesign.com\/index.php?rest_route=\/wp\/v2\/media\/1182"}],"wp:attachment":[{"href":"https:\/\/sveilisdesign.com\/index.php?rest_route=%2Fwp%2Fv2%2Fmedia&parent=1179"}],"wp:term":[{"taxonomy":"product_brand","embeddable":true,"href":"https:\/\/sveilisdesign.com\/index.php?rest_route=%2Fwp%2Fv2%2Fproduct_brand&post=1179"},{"taxonomy":"product_cat","embeddable":true,"href":"https:\/\/sveilisdesign.com\/index.php?rest_route=%2Fwp%2Fv2%2Fproduct_cat&post=1179"},{"taxonomy":"product_tag","embeddable":true,"href":"https:\/\/sveilisdesign.com\/index.php?rest_route=%2Fwp%2Fv2%2Fproduct_tag&post=1179"}],"curies":[{"name":"wp","href":"https:\/\/api.w.org\/{rel}","templated":true}]}}