{"id":1052,"date":"2022-02-13T13:32:11","date_gmt":"2022-02-13T12:32:11","guid":{"rendered":"https:\/\/sveilisdesign.com\/?post_type=product&#038;p=1052"},"modified":"2022-03-02T12:21:47","modified_gmt":"2022-03-02T11:21:47","slug":"brickor-trays-32x15cm","status":"publish","type":"product","link":"https:\/\/sveilisdesign.com\/?product=brickor-trays-32x15cm","title":{"rendered":"Brickor \/ Trays 32x15cm"},"content":{"rendered":"<p><strong><span style=\"vertical-align: inherit;\">Produktinformation<\/span><\/strong><\/p>\n<ul>\n<li>Storlek: 32x15cm.<\/li>\n<li>Livsmedelsgodk\u00e4nd.<\/li>\n<li><span style=\"vertical-align: inherit;\">Tillverkad av FSC\u00ae-m\u00e4rkt bj\u00f6rkfan\u00e9 <\/span><span style=\"vertical-align: inherit;\">r.<\/span><\/li>\n<li><span style=\"vertical-align: inherit;\">Formpressad med lackad och stark yta av melamin.<\/span><\/li>\n<li><span style=\"vertical-align: inherit;\">I<\/span><span style=\"vertical-align: inherit;\">nget vatten anv\u00e4nds i produktion.<\/span><\/li>\n<li><span style=\"vertical-align: inherit;\">T\u00e5l maskindisk upp till 95 grader. F\u00f6r l\u00e4ngre livsl\u00e4ngd rekommenderar vi handdisk.<\/span><\/li>\n<li>Tillverkad Sverige.<\/li>\n<\/ul>\n","protected":false},"excerpt":{"rendered":"<p>Vackra brickor f\u00f6r alla h\u00e4rliga sommarstunder i sk\u00e4rg\u00e5rden. Dessa brickor har \u00e4ven trevliga motiv p\u00e5 baksidan.\u00a0<span style=\"vertical-align: inherit;\">Varje bricka \u00e4r individuellt handgjord av skandinaviskt bj\u00f6rkfan\u00e9r. Brickorna har rundade kanter som g\u00f6r de mer st\u00f6tt\u00e5liga och sk\u00f6na att h\u00e5lla i.\u00a0 \u00a0 \u00a0 \u00a0 \u00a0\u00a0<\/span><span style=\"vertical-align: inherit;\">\u00a0<\/span><\/p>\n","protected":false},"featured_media":1040,"template":"","meta":{"_crdt_document":"","advanced_seo_description":"","jetpack_seo_html_title":"","jetpack_seo_noindex":false,"jetpack_publicize_message":"","jetpack_publicize_feature_enabled":true,"jetpack_social_post_already_shared":true,"jetpack_social_options":{"image_generator_settings":{"template":"highway","default_image_id":0,"font":"","enabled":false},"version":2},"_wpas_customize_per_network":false},"product_brand":[],"product_cat":[1372518],"product_tag":[1372408,1372401,1372402,1372407,1372447],"class_list":{"0":"post-1052","1":"product","2":"type-product","3":"status-publish","4":"has-post-thumbnail","6":"product_cat-table-setting","7":"product_tag-batliv","8":"product_tag-fisk","9":"product_tag-fyr","10":"product_tag-skargardsliv","11":"product_tag-utekok","12":"product_shipping_class-sv-b","14":"first","15":"instock","16":"taxable","17":"shipping-taxable","18":"purchasable","19":"product-type-variable"},"exclude_global_add_ons":[],"addons":[],"jetpack_publicize_connections":[],"jetpack_likes_enabled":true,"jetpack_sharing_enabled":true,"_links":{"self":[{"href":"https:\/\/sveilisdesign.com\/index.php?rest_route=\/wp\/v2\/product\/1052","targetHints":{"allow":["GET"]}}],"collection":[{"href":"https:\/\/sveilisdesign.com\/index.php?rest_route=\/wp\/v2\/product"}],"about":[{"href":"https:\/\/sveilisdesign.com\/index.php?rest_route=\/wp\/v2\/types\/product"}],"wp:featuredmedia":[{"embeddable":true,"href":"https:\/\/sveilisdesign.com\/index.php?rest_route=\/wp\/v2\/media\/1040"}],"wp:attachment":[{"href":"https:\/\/sveilisdesign.com\/index.php?rest_route=%2Fwp%2Fv2%2Fmedia&parent=1052"}],"wp:term":[{"taxonomy":"product_brand","embeddable":true,"href":"https:\/\/sveilisdesign.com\/index.php?rest_route=%2Fwp%2Fv2%2Fproduct_brand&post=1052"},{"taxonomy":"product_cat","embeddable":true,"href":"https:\/\/sveilisdesign.com\/index.php?rest_route=%2Fwp%2Fv2%2Fproduct_cat&post=1052"},{"taxonomy":"product_tag","embeddable":true,"href":"https:\/\/sveilisdesign.com\/index.php?rest_route=%2Fwp%2Fv2%2Fproduct_tag&post=1052"}],"curies":[{"name":"wp","href":"https:\/\/api.w.org\/{rel}","templated":true}]}}